{"id":1280,"date":"2025-08-29T11:32:18","date_gmt":"2025-08-29T09:32:18","guid":{"rendered":"https:\/\/conditoferments.com\/?post_type=product&#038;p=1280"},"modified":"2026-03-18T14:52:56","modified_gmt":"2026-03-18T13:52:56","slug":"red-kimchi-250g-kopie","status":"publish","type":"product","link":"https:\/\/conditoferments.com\/en\/produkt\/red-kimchi-250g-kopie\/","title":{"rendered":"Salted lemons &#8211; fermented lemons 200g"},"content":{"rendered":"<p><strong>Salted lemons \/ Limoni al sale<\/strong><br \/>\nFermented seasoning paste made from organic lentils. Pasta fermentata a base di lentichhie biologiche.<br \/>\n<strong>Verwendung \/ Utilizzo:<\/strong><br \/>\nFor marinades, dressings, soups, sauces, desserts, meat and fish dishes, vegan cuisine.<br \/>\nPer marinate, condimenti, zuppe, salse, dessert, piatti di carne, pesce e cucina vegana.<br \/>\n<strong>Ingredienti:<\/strong><br \/>\nlemons* (90%), natural salt (6%). Water<br \/>\nLimoni* (45%), acqua, sale naturale (6%).<br \/>\n(*from certified organic farming \/ da agricoltura biologica) <\/p>\n<p>N\u00e4hrwerte pro 100 g (\u00d8, gesch\u00e4tzt) \/ Valori nutrizionali medi per 100 g (stima):<br \/>\nEnergie \/ Energia: ca. 38 kcal (160 kJ)<br \/>\nFett \/ Grassi: 0,4 g<br \/>\n&#8211; davon ges. Fetts\u00e4uren \/ di cui saturi: 0,1 g<br \/>\nKohlenhydrate \/ Carboidrati: 7,7 g<br \/>\n&#8211; davon Zucker \/ di cui zuccheri: 7,5 g<br \/>\nEiwei\u00df \/ Proteine: 0,8g<br \/>\nSalz \/ Sale: 6,2 g <\/p>\n<p><strong>Storage \/ Conservazione:<\/strong><br \/>\nStore in the refrigerator after opening. Can be kept for years if stored correctly.  Dopo l&#8217;apertura conservare in frigorifero. Se conservato correttamente, si mantiene per anni.<br \/>\nVasetto: GL 70 -Vetro &#8211; Capsula: ALU 41 &#8211; Metallo &#8211; Raccolta differenziata &#8211; verificare le disposizioni del proprio Comune.<br \/>\n<strong>Contents \/ Contenuto:<\/strong> 200 g \u212e<\/p>\n","protected":false},"excerpt":{"rendered":"<p>Salted lemons \/ Limoni al sale Fermented seasoning paste made from organic lentils. Pasta fermentata a base di lentichhie biologiche. Verwendung \/ Utilizzo: For marinades, dressings, soups, sauces, desserts, meat and fish dishes, vegan cuisine. Per marinate, condimenti, zuppe, salse, dessert, piatti di carne, pesce e cucina vegana. Ingredienti: lemons* (90%), natural salt (6%). Water&#8230;<\/p>\n","protected":false},"featured_media":4833,"comment_status":"open","ping_status":"closed","template":"","meta":{"_acf_changed":false,"_kad_blocks_custom_css":"","_kad_blocks_head_custom_js":"","_kad_blocks_body_custom_js":"","_kad_blocks_footer_custom_js":"","_kadence_starter_templates_imported_post":false,"_kad_post_transparent":"default","_kad_post_title":"","_kad_post_layout":"default","_kad_post_sidebar_id":"","_kad_post_content_style":"default","_kad_post_vertical_padding":"default","_kad_post_feature":"","_kad_post_feature_position":"","_kad_post_header":false,"_kad_post_footer":false},"product_brand":[],"product_cat":[180],"product_tag":[174,173,154,193,185,181,192,186],"class_list":{"0":"post-1280","1":"product","2":"type-product","3":"status-publish","4":"has-post-thumbnail","6":"product_cat-black-garlic-spices","7":"product_tag-bbq-en","8":"product_tag-black-garlic-en","9":"product_tag-buy","10":"product_tag-fermented","11":"product_tag-kimchi-en","12":"product_tag-paste-en","13":"product_tag-salt-lemons","14":"product_tag-vegetables","16":"first","17":"instock","18":"taxable","19":"shipping-taxable","20":"purchasable","21":"product-type-simple","22":"entry","23":"content-bg","24":"loop-entry"},"supplier_id":4479,"supplier_sku":"","barcode":null,"atum_controlled":true,"out_stock_date":null,"out_stock_threshold":null,"inheritable":false,"inbound_stock":0,"stock_on_hold":5,"sold_today":0,"sales_last_days":0,"reserved_stock":0,"customer_returns":0,"warehouse_damage":0,"lost_in_post":0,"other_logs":0,"out_stock_days":0,"lost_sales":0,"has_location":false,"update_date":"2026-04-24T00:22:37","atum_locations":[],"atum_stock_status":"instock","restock_status":false,"low_stock_amount":"","sales_update_date":"2026-04-24T00:22:37","calc_backorders":null,"acf":[],"taxonomy_info":{"product_cat":[{"value":180,"label":"Black Garlic &amp; spices"}],"product_tag":[{"value":174,"label":"BBQ"},{"value":173,"label":"black garlic"},{"value":154,"label":"Buy"},{"value":193,"label":"fermented"},{"value":185,"label":"kimchi"},{"value":181,"label":"paste"},{"value":192,"label":"salt lemons"},{"value":186,"label":"vegetables"}]},"featured_image_src_large":["https:\/\/conditoferments.com\/wp-content\/uploads\/2025\/08\/zitrone-1024x1024.png",1024,1024,true],"author_info":[],"comment_info":0,"batches":[{"id":"23","date_created":"2026-03-18 13:42:10","date_expiry":"2027-01-19 00:00:00","user_id":"1","batch_number":"260318","location":"","quantity":"45.0000","quantity_available":"42.0000","units":"1","status":"active","order_ids":"[4910,5461]"}],"_links":{"self":[{"href":"https:\/\/conditoferments.com\/en\/wp-json\/wp\/v2\/product\/1280","targetHints":{"allow":["GET"]}}],"collection":[{"href":"https:\/\/conditoferments.com\/en\/wp-json\/wp\/v2\/product"}],"about":[{"href":"https:\/\/conditoferments.com\/en\/wp-json\/wp\/v2\/types\/product"}],"replies":[{"embeddable":true,"href":"https:\/\/conditoferments.com\/en\/wp-json\/wp\/v2\/comments?post=1280"}],"wp:featuredmedia":[{"embeddable":true,"href":"https:\/\/conditoferments.com\/en\/wp-json\/wp\/v2\/media\/4833"}],"wp:attachment":[{"href":"https:\/\/conditoferments.com\/en\/wp-json\/wp\/v2\/media?parent=1280"}],"wp:term":[{"taxonomy":"product_brand","embeddable":true,"href":"https:\/\/conditoferments.com\/en\/wp-json\/wp\/v2\/product_brand?post=1280"},{"taxonomy":"product_cat","embeddable":true,"href":"https:\/\/conditoferments.com\/en\/wp-json\/wp\/v2\/product_cat?post=1280"},{"taxonomy":"product_tag","embeddable":true,"href":"https:\/\/conditoferments.com\/en\/wp-json\/wp\/v2\/product_tag?post=1280"}],"curies":[{"name":"wp","href":"https:\/\/api.w.org\/{rel}","templated":true}]}}