{"id":1197,"date":"2025-07-12T12:09:28","date_gmt":"2025-07-12T10:09:28","guid":{"rendered":"https:\/\/conditoferments.com\/condizioni-di-vendita\/"},"modified":"2026-02-13T17:30:14","modified_gmt":"2026-02-13T16:30:14","slug":"condizioni-di-vendita","status":"publish","type":"page","link":"https:\/\/conditoferments.com\/it\/condizioni-di-vendita\/","title":{"rendered":"Condizioni di vendita"},"content":{"rendered":"<h1>Condizioni Generali di Contratto<\/h1>\n<h3>\u00a7 1 Ambito di applicazione, definizioni<\/h3>\n<p>(1) Soelva SRLS, Via Crispi 37, 39100 Bolzano, Italia (di seguito: \u201cnoi\u201d o \u201cCondito ferments\u201d) gestisce un negozio online per la vendita di beni sul sito https:\/\/conditoferments.com. Le seguenti condizioni generali di contratto si applicano a tutte le prestazioni tra noi e i nostri clienti (di seguito: \u201cCliente\u201d o \u201cLei\u201d) nella versione valida al momento dell\u2019ordine, salvo diverso accordo esplicito.<\/p>\n<p>(2) Ai sensi delle presenti condizioni, per \u201cconsumatore\u201d si intende qualsiasi persona fisica che conclude un negozio giuridico per scopi che non possono essere attribuiti prevalentemente alla sua attivit\u00e0 commerciale o professionale autonoma. Per \u201cimprenditore\u201d si intende una persona fisica o giuridica oppure una societ\u00e0 di persone dotata di capacit\u00e0 giuridica che, al momento della conclusione di un negozio giuridico, agisce nell\u2019esercizio della propria attivit\u00e0 commerciale o professionale autonoma; una societ\u00e0 di persone dotata di capacit\u00e0 giuridica \u00e8 una societ\u00e0 di persone che ha la capacit\u00e0 di acquisire diritti e assumere obblighi.<\/p>\n<h3>\u00a7 2 Conclusione del contratto, conservazione del testo contrattuale<\/h3>\n<p>(1) Le seguenti disposizioni sulla conclusione del contratto si applicano agli ordini effettuati tramite il nostro negozio online all\u2019indirizzo https:\/\/conditoferments.com.<\/p>\n<p>(2) Le nostre presentazioni dei prodotti su Internet non sono vincolanti e non costituiscono un\u2019offerta vincolante per la conclusione di un contratto.<\/p>\n<p>(3) Al momento della ricezione di un ordine nel nostro negozio online si applicano le seguenti regole: il Cliente presenta un\u2019offerta contrattuale vincolante completando con successo la procedura di ordine prevista nel nostro negozio online. L\u2019ordine avviene nei seguenti passaggi:<\/p>\n<ol>\n<li>Selezione della merce desiderata,<\/li>\n<li>Aggiunta dei prodotti cliccando sull\u2019apposito pulsante (ad es. \u201cAggiungi al carrello\u201d, \u201cNella borsa della spesa\u201d o simili),<\/li>\n<li>Verifica dei dati nel carrello,<\/li>\n<li>Accesso alla panoramica dell\u2019ordine cliccando sull\u2019apposito pulsante (ad es. \u201cVai alla cassa\u201d, \u201cProcedi al pagamento\u201d, \u201cRiepilogo ordine\u201d o simili),<\/li>\n<li>Inserimento\/verifica dei dati di indirizzo e contatto, scelta del metodo di pagamento, accettazione delle CGC e dell\u2019informativa sul diritto di recesso,<\/li>\n<li>Qualora le caratteristiche concordate della merce differiscano da quelle usuali e dai requisiti di utilizzo, conferma di un accordo sulle caratteristiche negative,<\/li>\n<li>Conclusione dell\u2019ordine cliccando sul pulsante \u201cAcquista ora\u201d. Ci\u00f2 costituisce un ordine vincolante.<\/li>\n<li>Il contratto si perfeziona quando, entro tre giorni lavorativi, riceve da parte nostra una conferma d\u2019ordine all\u2019indirizzo e-mail indicato.<\/li>\n<\/ol>\n<p>(4) In caso di conclusione del contratto, lo stesso \u00e8 stipulato con Soelva SRLS, Via Crispi 37, 39100 Bolzano, Italia.<\/p>\n<p>(5) Prima di effettuare l\u2019ordine, i dati contrattuali possono essere stampati tramite la funzione di stampa del browser oppure salvati elettronicamente. La gestione dell\u2019ordine e la trasmissione di tutte le informazioni necessarie in relazione alla conclusione del contratto, in particolare i dati dell\u2019ordine, le CGC e l\u2019informativa sul diritto di recesso, avvengono via e-mail dopo l\u2019invio dell\u2019ordine, in parte in modo automatizzato. Non conserviamo il testo contrattuale dopo la conclusione del contratto.<\/p>\n<p>(6) Gli errori di inserimento possono essere corretti mediante le consuete funzioni di tastiera, mouse e browser (ad es. il pulsante \u201cIndietro\u201d del browser). Possono essere corretti anche interrompendo anticipatamente il processo di ordine, chiudendo la finestra del browser e ripetendo la procedura.<\/p>\n<p>(7) L\u2019elaborazione dell\u2019ordine e la trasmissione di tutte le informazioni necessarie in relazione alla conclusione del contratto avvengono in parte in modo automatizzato via e-mail. \u00c8 pertanto necessario assicurarsi che l\u2019indirizzo e-mail fornito sia corretto, che la ricezione delle e-mail sia tecnicamente garantita e, in particolare, che non venga impedita da filtri SPAM.<\/p>\n<h3>\u00a7 3 Oggetto del contratto e caratteristiche essenziali dei prodotti<\/h3>\n<p>(1) Nel nostro negozio online, l\u2019oggetto del contratto \u00e8:<\/p>\n<ol style=\"list-style-type: lower-alpha;\">\n<li>La vendita di beni. I beni concretamente offerti sono consultabili nelle rispettive pagine prodotto.<\/li>\n<\/ol>\n<p>(2) Le caratteristiche essenziali della merce sono indicate nella descrizione dell\u2019articolo. Qualora le caratteristiche concordate della merce differiscano da quelle usuali e dai requisiti di utilizzo, ci\u00f2 viene espressamente indicato nella descrizione dell\u2019articolo (accordo sulle caratteristiche negative). Nella misura in cui il Cliente abbia prestato espressamente il proprio consenso a tale scostamento, esso definisce l\u2019oggetto del contratto.<\/p>\n<h3>\u00a7 4 Prezzi, spese di spedizione e consegna<\/h3>\n<p>(1) I prezzi indicati nelle rispettive offerte, cos\u00ec come le spese di spedizione, sono prezzi complessivi e includono tutte le componenti di prezzo, comprese tutte le imposte applicabili.<\/p>\n<p>(2) Il prezzo d\u2019acquisto deve essere pagato prima della consegna del prodotto (pagamento anticipato), salvo che offriamo espressamente l\u2019acquisto contro fattura. I metodi di pagamento disponibili sono indicati tramite un apposito pulsante nel negozio online o nella rispettiva offerta. Salvo diversa indicazione per i singoli metodi di pagamento, i crediti sono immediatamente esigibili.<\/p>\n<p>(3) Oltre ai prezzi indicati, per la consegna dei prodotti possono essere addebitate spese di spedizione, salvo che il rispettivo articolo sia indicato come spedizione gratuita. Le spese di spedizione sono chiaramente comunicate nelle offerte, eventualmente nel sistema del carrello e nel riepilogo dell\u2019ordine.<\/p>\n<p>(4) Tutti i prodotti offerti sono, salvo diversa indicazione nella descrizione del prodotto, immediatamente pronti per la spedizione (tempo di consegna: 3-4 giorni dal ricevimento del pagamento).<\/p>\n<p>(5) Si applicano le seguenti limitazioni territoriali di consegna: la consegna avviene nei seguenti paesi: Austria, Belgio, Bulgaria, Cipro, Repubblica Ceca, Germania, Danimarca, Estonia, Spagna, Finlandia, Francia, Grecia, Croazia, Ungheria, Irlanda, Italia, Lituania, Lussemburgo, Lettonia, Malta, Paesi Bassi, Polonia, Portogallo, Romania, Svezia, Slovenia, Slovacchia.<\/p>\n<p>(6) Qualora la consegna della merce fallisca per cause imputabili a Lei, dovr\u00e0 sostenere i costi ragionevoli da noi sostenuti. Ci\u00f2 non si applica alle spese di spedizione qualora eserciti validamente il Suo diritto di recesso. Per i costi di restituzione, in caso di valido esercizio del diritto di recesso, si applica quanto previsto nella nostra informativa sul diritto di recesso.<\/p>\n<h3>\u00a7 5 Diritto di ritenzione, riserva di propriet\u00e0<\/h3>\n<p>(1) Pu\u00f2 esercitare un diritto di ritenzione solo nella misura in cui si tratti di crediti derivanti dal medesimo rapporto contrattuale.<\/p>\n<p>(2) La merce rimane di nostra propriet\u00e0 fino al completo pagamento del prezzo di acquisto.<\/p>\n<h3>\u00a7 6 Diritto di recesso<\/h3>\n<p>In qualit\u00e0 di consumatore, dispone di un diritto di recesso. Questo \u00e8 disciplinato dalla nostra <a href=\"https:\/\/conditoferments.com\/it\/politica-di-cancellazione\/\">informativa sul diritto di recesso<\/a>.<\/p>\n<h3>\u00a7 7 Lingua del contratto<\/h3>\n<p>La lingua del contratto \u00e8 esclusivamente il tedesco.<\/p>\n<h3>\u00a7 8 Responsabilit\u00e0<\/h3>\n<p>(1) Salvo le seguenti eccezioni, la nostra responsabilit\u00e0 per violazioni di obblighi contrattuali e per atti illeciti \u00e8 limitata ai casi di dolo o colpa grave.<\/p>\n<p>(2) In caso di colpa lieve, rispondiamo senza limitazioni nei casi di lesione della vita, dell\u2019integrit\u00e0 fisica o della salute, nonch\u00e9 in caso di violazione di un obbligo contrattuale essenziale. Se, per colpa lieve, siamo in ritardo nella prestazione, se la prestazione \u00e8 diventata impossibile o se abbiamo violato un obbligo contrattuale essenziale, la responsabilit\u00e0 per i danni materiali e patrimoniali derivanti \u00e8 limitata al <strong>danno prevedibile e tipico del contratto<\/strong>. Un obbligo contrattuale essenziale \u00e8 quello il cui adempimento rende possibile la corretta esecuzione del contratto, la cui violazione mette a rischio il raggiungimento dello scopo del contratto e sul cui rispetto pu\u00f2 regolarmente fare affidamento. Tra questi rientra in particolare il nostro obbligo di agire e di adempiere alla prestazione contrattualmente dovuta, descritta<\/p>\n","protected":false},"excerpt":{"rendered":"<p>Condizioni Generali di Contratto \u00a7 1 Ambito di applicazione, definizioni (1) Soelva SRLS, Via Crispi 37, 39100 Bolzano, Italia (di seguito: \u201cnoi\u201d o \u201cCondito ferments\u201d) gestisce un negozio online per la vendita di beni sul sito https:\/\/conditoferments.com. Le seguenti condizioni generali di contratto si applicano a tutte le prestazioni tra noi e i nostri clienti&#8230;<\/p>\n","protected":false},"author":1,"featured_media":0,"parent":0,"menu_order":0,"comment_status":"closed","ping_status":"closed","template":"","meta":{"_acf_changed":false,"_kad_blocks_custom_css":"","_kad_blocks_head_custom_js":"","_kad_blocks_body_custom_js":"","_kad_blocks_footer_custom_js":"","_kadence_starter_templates_imported_post":false,"_kad_post_transparent":"","_kad_post_title":"","_kad_post_layout":"","_kad_post_sidebar_id":"","_kad_post_content_style":"","_kad_post_vertical_padding":"","_kad_post_feature":"","_kad_post_feature_position":"","_kad_post_header":false,"_kad_post_footer":false,"footnotes":""},"folder":[],"class_list":["post-1197","page","type-page","status-publish","hentry"],"acf":[],"taxonomy_info":[],"featured_image_src_large":false,"author_info":{"display_name":"info@condito.net","author_link":"https:\/\/conditoferments.com\/it\/author\/infocondito-net\/"},"comment_info":0,"_links":{"self":[{"href":"https:\/\/conditoferments.com\/it\/wp-json\/wp\/v2\/pages\/1197","targetHints":{"allow":["GET"]}}],"collection":[{"href":"https:\/\/conditoferments.com\/it\/wp-json\/wp\/v2\/pages"}],"about":[{"href":"https:\/\/conditoferments.com\/it\/wp-json\/wp\/v2\/types\/page"}],"author":[{"embeddable":true,"href":"https:\/\/conditoferments.com\/it\/wp-json\/wp\/v2\/users\/1"}],"replies":[{"embeddable":true,"href":"https:\/\/conditoferments.com\/it\/wp-json\/wp\/v2\/comments?post=1197"}],"version-history":[{"count":9,"href":"https:\/\/conditoferments.com\/it\/wp-json\/wp\/v2\/pages\/1197\/revisions"}],"predecessor-version":[{"id":4175,"href":"https:\/\/conditoferments.com\/it\/wp-json\/wp\/v2\/pages\/1197\/revisions\/4175"}],"wp:attachment":[{"href":"https:\/\/conditoferments.com\/it\/wp-json\/wp\/v2\/media?parent=1197"}],"wp:term":[{"taxonomy":"folder","embeddable":true,"href":"https:\/\/conditoferments.com\/it\/wp-json\/wp\/v2\/folder?post=1197"}],"curies":[{"name":"wp","href":"https:\/\/api.w.org\/{rel}","templated":true}]}}