{"id":4072,"date":"2026-02-06T22:14:41","date_gmt":"2026-02-06T21:14:41","guid":{"rendered":"https:\/\/conditoferments.com\/metodi-di-spedizione\/"},"modified":"2026-04-09T14:17:58","modified_gmt":"2026-04-09T12:17:58","slug":"metodi-di-spedizione","status":"publish","type":"page","link":"https:\/\/conditoferments.com\/it\/metodi-di-spedizione\/","title":{"rendered":"Spedizione"},"content":{"rendered":"\n<h2 class=\"wp-block-heading\">\ud83d\udce6 Spedizione<\/h2>\n\n<p>Spediamo i nostri prodotti in modo affidabile e sicuro con <strong>GLS<\/strong>.<\/p>\n\n<p>Il tuo ordine sar\u00e0 imballato con cura e spedito il pi\u00f9 rapidamente possibile per assicurarti che i nostri prodotti ti arrivino con la massima qualit\u00e0.<\/p>\n\n<hr class=\"wp-block-separator has-alpha-channel-opacity\"\/>\n\n<h3 class=\"wp-block-heading\">\ud83d\udcb6 Costi di spedizione<\/h3>\n\n<ul class=\"wp-block-list\">\n<li><strong>Italia:<\/strong> 8,00 \u20ac<\/li>\n\n\n\n<li><strong>Germania e Austria:<\/strong> 13,00 \u20ac<\/li>\n\n\n\n<li><strong>Resto dell&#8217;UE:<\/strong> 18,00 \u20ac<\/li>\n<\/ul>\n\n<p><strong>La spedizione \u00e8 gratuita per ordini superiori a 150,00\u20ac.<\/strong><\/p>\n\n<hr class=\"wp-block-separator has-alpha-channel-opacity\"\/>\n\n<h3 class=\"wp-block-heading\">\u23f1\ufe0f Tempi di consegna<\/h3>\n\n<p>I tempi di consegna sono solitamente<\/p>\n\n<ul class=\"wp-block-list\">\n<li>Italia: 1-3 giorni lavorativi<\/li>\n\n\n\n<li>UE: 3-6 giorni lavorativi<\/li>\n<\/ul>\n\n<hr class=\"wp-block-separator has-alpha-channel-opacity\"\/>\n\n<h3 class=\"wp-block-heading\">\ud83d\udccc Note<\/h3>\n\n<ul class=\"wp-block-list\">\n<li>La spedizione viene effettuata da <strong>GLS<\/strong>.<\/li>\n\n\n\n<li>Assicurati che l&#8217;indirizzo di consegna sia corretto e fornisci un numero di telefono.<\/li>\n\n\n\n<li>Puoi contattarci in qualsiasi momento se hai domande sulla spedizione.<\/li>\n<\/ul>\n","protected":false},"excerpt":{"rendered":"<p>\ud83d\udce6 Spedizione Spediamo i nostri prodotti in modo affidabile e sicuro con GLS. Il tuo ordine sar\u00e0 imballato con cura e spedito il pi\u00f9 rapidamente possibile per assicurarti che i nostri prodotti ti arrivino con la massima qualit\u00e0. \ud83d\udcb6 Costi di spedizione La spedizione \u00e8 gratuita per ordini superiori a 150,00\u20ac. \u23f1\ufe0f Tempi di consegna&#8230;<\/p>\n","protected":false},"author":1,"featured_media":0,"parent":0,"menu_order":0,"comment_status":"closed","ping_status":"closed","template":"","meta":{"_acf_changed":false,"_kad_blocks_custom_css":"","_kad_blocks_head_custom_js":"","_kad_blocks_body_custom_js":"","_kad_blocks_footer_custom_js":"","_kadence_starter_templates_imported_post":false,"_kad_post_transparent":"","_kad_post_title":"","_kad_post_layout":"","_kad_post_sidebar_id":"","_kad_post_content_style":"","_kad_post_vertical_padding":"","_kad_post_feature":"","_kad_post_feature_position":"","_kad_post_header":false,"_kad_post_footer":false,"footnotes":""},"folder":[],"class_list":["post-4072","page","type-page","status-publish","hentry"],"acf":[],"taxonomy_info":[],"featured_image_src_large":false,"author_info":{"display_name":"info@condito.net","author_link":"https:\/\/conditoferments.com\/it\/author\/infocondito-net\/"},"comment_info":0,"_links":{"self":[{"href":"https:\/\/conditoferments.com\/it\/wp-json\/wp\/v2\/pages\/4072","targetHints":{"allow":["GET"]}}],"collection":[{"href":"https:\/\/conditoferments.com\/it\/wp-json\/wp\/v2\/pages"}],"about":[{"href":"https:\/\/conditoferments.com\/it\/wp-json\/wp\/v2\/types\/page"}],"author":[{"embeddable":true,"href":"https:\/\/conditoferments.com\/it\/wp-json\/wp\/v2\/users\/1"}],"replies":[{"embeddable":true,"href":"https:\/\/conditoferments.com\/it\/wp-json\/wp\/v2\/comments?post=4072"}],"version-history":[{"count":2,"href":"https:\/\/conditoferments.com\/it\/wp-json\/wp\/v2\/pages\/4072\/revisions"}],"predecessor-version":[{"id":5048,"href":"https:\/\/conditoferments.com\/it\/wp-json\/wp\/v2\/pages\/4072\/revisions\/5048"}],"wp:attachment":[{"href":"https:\/\/conditoferments.com\/it\/wp-json\/wp\/v2\/media?parent=4072"}],"wp:term":[{"taxonomy":"folder","embeddable":true,"href":"https:\/\/conditoferments.com\/it\/wp-json\/wp\/v2\/folder?post=4072"}],"curies":[{"name":"wp","href":"https:\/\/api.w.org\/{rel}","templated":true}]}}