{"id":978,"date":"2025-07-12T10:39:38","date_gmt":"2025-07-12T08:39:38","guid":{"rendered":"https:\/\/conditoferments.com\/prodotti\/"},"modified":"2025-09-03T20:54:02","modified_gmt":"2025-09-03T18:54:02","slug":"prodotti","status":"publish","type":"page","link":"https:\/\/conditoferments.com\/it\/prodotti\/","title":{"rendered":"Prodotti"},"content":{"rendered":"\n<h3 class=\"wp-block-heading\"><strong>Prodotti fermentati dell&#8217;Alto Adige: l&#8217;artigianato incontra l&#8217;innovazione<\/strong><\/h3>\n\n<p>La fermentazione \u00e8 una delle tecniche di conservazione pi\u00f9 antiche al mondo e allo stesso tempo un modo per aprire nuove profondit\u00e0 di sapore. Alla Condito Ferments di Bolzano, combiniamo metodi tradizionali con tecniche globali come il koji, la fermentazione dell&#8217;acido lattico e la maturazione del garum per creare prodotti unici a partire da materie prime locali. <\/p>\n\n<p>I nostri alimenti fermentati sono realizzati in gran parte con ingredienti biologici provenienti dall&#8217;Alto Adige e dall&#8217;Italia, spesso da avanzi che raffiniamo con cura. In questo modo creiamo prodotti di carattere: ecologici, ricchi di nutrienti e pieni di umami. <\/p>\n\n<hr class=\"wp-block-separator has-alpha-channel-opacity\"\/>\n\n<h3 class=\"wp-block-heading\"><strong>I nostri prodotti fermentati in sintesi:<\/strong><\/h3>\n\n<ul class=\"wp-block-list\">\n<li><strong>Kimchi e fermenti acidi<\/strong><br\/>Prodotto con cavolo bianco, carote, ravanelli ed erbe aromatiche &#8211; fermentato tradizionalmente, vivo e non cotto.<\/li>\n\n\n\n<li><strong>Paste di miso<\/strong><br\/>Realizzate a mano con ceci, lenticchie, nocciole, formaggio cagliato o pane di segale &#8211; in pratiche buste da 200 g, ideali per zuppe, marinate e piatti vegani.<\/li>\n\n\n\n<li><strong>Moromi &amp; Umami Bomb<\/strong><br\/>Paste per condimenti forti e dal sapore intenso, ottenute dai residui della nostra produzione di shoyu e garum.<\/li>\n\n\n\n<li><strong>Garum &amp; Shoyu (fermenti liquidi)<\/strong><br\/>Salse di condimento fermentate a base di legumi o carne avanzata, ideali per raffinare zuppe, condimenti e piatti caldi.<\/li>\n\n\n\n<li><strong>Aglio nero e verdure nere<\/strong><br\/>Aglio, cipolle, mele e castagne a fermentazione lenta: dolce, delicato, ricco di antiossidanti.<\/li>\n<\/ul>\n\n<hr class=\"wp-block-separator has-alpha-channel-opacity\"\/>\n\n<h3 class=\"wp-block-heading\"><strong>Perch\u00e9 fermentato?<\/strong><\/h3>\n\n<p>I nostri prodotti sono:<\/p>\n\n<ul class=\"wp-block-list\">\n<li><strong>naturalmente durevole<\/strong>, senza additivi<\/li>\n\n\n\n<li><strong>ricco di enzimi e fermenti probiotici<\/strong><\/li>\n\n\n\n<li><strong>Pieno di umami e sapori complessi<\/strong><\/li>\n\n\n\n<li><strong>Ecologico grazie all&#8217;upcycling delle materie prime<\/strong><\/li>\n<\/ul>\n\n<hr class=\"wp-block-separator has-alpha-channel-opacity\"\/>\n\n<h3 class=\"wp-block-heading\"><strong>Riscoprire i cibi fermentati<\/strong><\/h3>\n\n<p>Che tu sia vegano o meno, i nostri prodotti fermentati apportano profondit\u00e0 e variet\u00e0 alla tua cucina. Ideali per i buongustai consapevoli, gli chef creativi e tutti coloro che vogliono ottenere di pi\u00f9 dai buoni ingredienti. <\/p>\n\n<p><\/p>\n","protected":false},"excerpt":{"rendered":"<p>Prodotti fermentati dell&#8217;Alto Adige: l&#8217;artigianato incontra l&#8217;innovazione La fermentazione \u00e8 una delle tecniche di conservazione pi\u00f9 antiche al mondo e allo stesso tempo un modo per aprire nuove profondit\u00e0 di sapore. Alla Condito Ferments di Bolzano, combiniamo metodi tradizionali con tecniche globali come il koji, la fermentazione dell&#8217;acido lattico e la maturazione del garum per&#8230;<\/p>\n","protected":false},"author":1,"featured_media":0,"parent":0,"menu_order":0,"comment_status":"closed","ping_status":"closed","template":"","meta":{"_acf_changed":false,"_kad_blocks_custom_css":"","_kad_blocks_head_custom_js":"","_kad_blocks_body_custom_js":"","_kad_blocks_footer_custom_js":"","_kadence_starter_templates_imported_post":false,"_kad_post_transparent":"","_kad_post_title":"","_kad_post_layout":"","_kad_post_sidebar_id":"","_kad_post_content_style":"","_kad_post_vertical_padding":"","_kad_post_feature":"","_kad_post_feature_position":"","_kad_post_header":false,"_kad_post_footer":false,"footnotes":""},"folder":[],"class_list":["post-978","page","type-page","status-publish","hentry"],"acf":[],"taxonomy_info":[],"featured_image_src_large":false,"author_info":{"display_name":"info@condito.net","author_link":"https:\/\/conditoferments.com\/it\/author\/infocondito-net\/"},"comment_info":0,"_links":{"self":[{"href":"https:\/\/conditoferments.com\/it\/wp-json\/wp\/v2\/pages\/978","targetHints":{"allow":["GET"]}}],"collection":[{"href":"https:\/\/conditoferments.com\/it\/wp-json\/wp\/v2\/pages"}],"about":[{"href":"https:\/\/conditoferments.com\/it\/wp-json\/wp\/v2\/types\/page"}],"author":[{"embeddable":true,"href":"https:\/\/conditoferments.com\/it\/wp-json\/wp\/v2\/users\/1"}],"replies":[{"embeddable":true,"href":"https:\/\/conditoferments.com\/it\/wp-json\/wp\/v2\/comments?post=978"}],"version-history":[{"count":1,"href":"https:\/\/conditoferments.com\/it\/wp-json\/wp\/v2\/pages\/978\/revisions"}],"predecessor-version":[{"id":979,"href":"https:\/\/conditoferments.com\/it\/wp-json\/wp\/v2\/pages\/978\/revisions\/979"}],"wp:attachment":[{"href":"https:\/\/conditoferments.com\/it\/wp-json\/wp\/v2\/media?parent=978"}],"wp:term":[{"taxonomy":"folder","embeddable":true,"href":"https:\/\/conditoferments.com\/it\/wp-json\/wp\/v2\/folder?post=978"}],"curies":[{"name":"wp","href":"https:\/\/api.w.org\/{rel}","templated":true}]}}