{"id":1034,"date":"2025-07-08T12:32:00","date_gmt":"2025-07-08T10:32:00","guid":{"rendered":"https:\/\/conditoferments.com\/produkt\/shoyu-fermentato-di-lenticchie-e-segale-100ml\/"},"modified":"2026-03-25T12:03:07","modified_gmt":"2026-03-25T11:03:07","slug":"shoyu-fermentato-di-lenticchie-e-segale-100ml","status":"publish","type":"product","link":"https:\/\/conditoferments.com\/it\/produkt\/shoyu-fermentato-di-lenticchie-e-segale-100ml\/","title":{"rendered":"Shoyu fermentato di lenticchie e segale &#8211; 100ml"},"content":{"rendered":"<p>Lo shoyu di lenticchie e segale \u00e8 caratterizzato da un sapore unico ed equilibrato. \u00c8 ideale per raffinare insalate, sushi, zuppe e molti altri piatti. La sua versatilit\u00e0 lo rende indispensabile in ogni cucina ben attrezzata.  <\/p>\n<p>Grazie a un&#8217;attenta fermentazione e maturazione, la nostra salsa di soia sviluppa un sapore profondo e complesso e una piacevole piccantezza che esalta qualsiasi piatto.<\/p>\n<p><b>Uso<\/b>: salse, condimenti, insalate, piatti di carne, verdure, risotti e pasta<\/p>\n<p><b>Contenuto<\/b>: 100 ml<\/p>\n<p><b>Ingredienti<\/b>: <b>Segale<\/b>, lenticchie, sale 10%, aspergillus oryzae<\/p>\n","protected":false},"excerpt":{"rendered":"<p>Shoyu fermentato di lenticchie e segale &#8211; 100ml<\/p>\n","protected":false},"featured_media":4831,"comment_status":"open","ping_status":"closed","template":"","meta":{"_acf_changed":false,"_kad_blocks_custom_css":"","_kad_blocks_head_custom_js":"","_kad_blocks_body_custom_js":"","_kad_blocks_footer_custom_js":"","_kadence_starter_templates_imported_post":false,"_kad_post_transparent":"","_kad_post_title":"","_kad_post_layout":"","_kad_post_sidebar_id":"","_kad_post_content_style":"","_kad_post_vertical_padding":"","_kad_post_feature":"","_kad_post_feature_position":"","_kad_post_header":false,"_kad_post_footer":false},"product_brand":[],"product_cat":[102],"product_tag":[156,169,168],"class_list":{"0":"post-1034","1":"product","2":"type-product","3":"status-publish","4":"has-post-thumbnail","6":"product_cat-shoyu-it","7":"product_tag-acquista","8":"product_tag-salsa-di-soia","9":"product_tag-shoyu-it","11":"first","12":"instock","13":"taxable","14":"shipping-taxable","15":"purchasable","16":"product-type-simple","17":"entry","18":"content-bg","19":"loop-entry"},"supplier_id":4479,"supplier_sku":"","barcode":null,"atum_controlled":true,"out_stock_date":null,"out_stock_threshold":null,"inheritable":false,"inbound_stock":0,"stock_on_hold":1,"sold_today":0,"sales_last_days":0,"reserved_stock":0,"customer_returns":0,"warehouse_damage":0,"lost_in_post":0,"other_logs":0,"out_stock_days":0,"lost_sales":0,"has_location":false,"update_date":"2026-04-24T00:22:38","atum_locations":[],"atum_stock_status":"instock","restock_status":false,"low_stock_amount":"","sales_update_date":"2026-04-24T00:22:38","calc_backorders":null,"acf":[],"taxonomy_info":{"product_cat":[{"value":102,"label":"Shoyu"}],"product_tag":[{"value":156,"label":"Acquista"},{"value":169,"label":"salsa di soia"},{"value":168,"label":"shoyu"}]},"featured_image_src_large":["https:\/\/conditoferments.com\/wp-content\/uploads\/2025\/07\/shoyu-1-1024x1024.png",1024,1024,true],"author_info":[],"comment_info":0,"batches":[],"_links":{"self":[{"href":"https:\/\/conditoferments.com\/it\/wp-json\/wp\/v2\/product\/1034","targetHints":{"allow":["GET"]}}],"collection":[{"href":"https:\/\/conditoferments.com\/it\/wp-json\/wp\/v2\/product"}],"about":[{"href":"https:\/\/conditoferments.com\/it\/wp-json\/wp\/v2\/types\/product"}],"replies":[{"embeddable":true,"href":"https:\/\/conditoferments.com\/it\/wp-json\/wp\/v2\/comments?post=1034"}],"wp:featuredmedia":[{"embeddable":true,"href":"https:\/\/conditoferments.com\/it\/wp-json\/wp\/v2\/media\/4831"}],"wp:attachment":[{"href":"https:\/\/conditoferments.com\/it\/wp-json\/wp\/v2\/media?parent=1034"}],"wp:term":[{"taxonomy":"product_brand","embeddable":true,"href":"https:\/\/conditoferments.com\/it\/wp-json\/wp\/v2\/product_brand?post=1034"},{"taxonomy":"product_cat","embeddable":true,"href":"https:\/\/conditoferments.com\/it\/wp-json\/wp\/v2\/product_cat?post=1034"},{"taxonomy":"product_tag","embeddable":true,"href":"https:\/\/conditoferments.com\/it\/wp-json\/wp\/v2\/product_tag?post=1034"}],"curies":[{"name":"wp","href":"https:\/\/api.w.org\/{rel}","templated":true}]}}