{"id":1065,"date":"2025-07-08T12:32:00","date_gmt":"2025-07-08T10:32:00","guid":{"rendered":"https:\/\/conditoferments.com\/produkt\/miso-lenticchie-gialle-fermentate-a-basso-contenuto-di-sale-200g\/"},"modified":"2026-03-18T12:02:55","modified_gmt":"2026-03-18T11:02:55","slug":"miso-lenticchie-gialle-fermentate-a-basso-contenuto-di-sale-200g","status":"publish","type":"product","link":"https:\/\/conditoferments.com\/it\/produkt\/miso-lenticchie-gialle-fermentate-a-basso-contenuto-di-sale-200g\/","title":{"rendered":"Miso di ceci fermentati per 12 mesi 200g"},"content":{"rendered":"<p>Il miso viene prodotto da migliaia di anni in Cina, Indonesia e Giappone con metodi diversi. Il nome miso deriva dal Giappone, dove questa tecnica \u00e8 stata perfezionata negli ultimi secoli. Negli ultimi anni, il miso \u00e8 stato prodotto anche in Europa utilizzando cereali e legumi locali, ad esempio noi utilizziamo principalmente prodotti italiani di qualit\u00e0 biologica. Il risultato \u00e8 una pasta che aggiunge complessit\u00e0 e sapore umami a piatti e salse e pu\u00f2 essere utilizzata anche al posto del sale. Il sale utilizzato proviene dalle saline di Cervia ed \u00e8 naturale al 100% senza aggiunta di iodio.    <\/p>\n<p>Il nostro miso \u00e8 prodotto con metodi tradizionali e con ingredienti biologici della regione. La fermentazione naturale con koji crea un condimento dal sapore intenso con una sottile nota umami. Come base per le zuppe, per insaporire le salse o come ingrediente segreto per le ricette moderne, questo miso aggiunge profondit\u00e0 e carattere ai tuoi piatti.  <\/p>\n<p data-start=\"315\" data-end=\"454\"><strong data-start=\"315\" data-end=\"351\">KICHERBSEN-MISO \/ MISO DI CECI<\/strong><br data-start=\"351\" data-end=\"354\">Pasta di condimento fermentata a base di ceci biologici.<br data-start=\"407\" data-end=\"410\">Pasta fermentata a base di ceci biologici.<br \/>\n<strong data-start=\"456\" data-end=\"482\">Utilizzo:<\/strong><br data-start=\"482\" data-end=\"485\">Per marinate, condimenti, zuppe, salse, dessert, piatti di carne, pesce e cucina vegana.<br data-start=\"578\" data-end=\"581\">Per marinate, condimenti, zuppe, salse, dessert, piatti di carne, pesce e cucina vegana.<br \/>\n<strong data-start=\"673\" data-end=\"699\">Ingredienti:<\/strong><br data-start=\"699\" data-end=\"702\">Ceci* (45%), <strong>koji d&#8217;orzo*<\/strong> (45%) (orzo*, Aspergillus oryzae), acqua, sale naturale (5%).<br data-start=\"787\" data-end=\"790\">Ceci* (45%), <strong>koji d&#8217;orzo*<\/strong> (45%) (orzo*, Aspergillus oryzae), acqua, sale naturale (5%).<br data-start=\"870\" data-end=\"873\">(*da agricoltura biologica certificata \/ da agricoltura biologica)<\/p>\n<p data-start=\"1121\" data-end=\"1474\"><strong data-start=\"1121\" data-end=\"1205\">Valori nutrizionali per 100 g (\u00d8, stimati) \/ Valori nutrizionali medi per 100 g (stima):<\/strong><br data-start=\"1205\" data-end=\"1208\">Energie \/ Energia: circa 195 kcal (818 kJ)<br data-start=\"1248\" data-end=\"1251\">Fett \/ Grassi: 4,7 g<br data-start=\"1271\" data-end=\"1274\">&#8211; davon ges. Fetts\u00e4uren \/ di cui saturi: 0,7 g<br data-start=\"1320\" data-end=\"1323\">Carboidrati \/ Carboidrati: 27 g<br data-start=\"1356\" data-end=\"1359\">&#8211; davon Zucker \/ di cui zuccheri: 6 g<br data-start=\"1396\" data-end=\"1399\">Eiwei\u00df \/ Proteine: 10,8 g<br data-start=\"1424\" data-end=\"1427\">Ballaststoffe \/ Fibre: 6 g<br data-start=\"1453\" data-end=\"1456\">Salz \/ Sale: 5 g <\/p>\n<p data-start=\"1476\" data-end=\"1593\"><strong data-start=\"1476\" data-end=\"1505\">Conservazione:<\/strong><br data-start=\"1505\" data-end=\"1508\">Una volta aperto, conservalo in frigorifero. Se conservato correttamente, si manterr\u00e0 per anni.<br data-start=\"591\" data-end=\"594\">Dopo l&#8217;apertura conserva in frigorifero. Se conservato correttamente, si mantiene per anni.<br \/>\nVasetto: GL 70 -Vetro &#8211; Capsula: ALU 41 &#8211; Metallo<br \/>\nRaccolta differenziata &#8211; verifica le disposizioni del proprio Comune.<br \/>\n<strong>Prodotto da\/prodotto da<\/strong>: Soelva SRLS, Via Crispi 37, 39100 Bolzano-Bozen, www.conditoferments.com<br \/>\n<strong data-start=\"1088\" data-end=\"1111\">Contenuto \/ Contenuto:<\/strong> 200 g \u212e<\/p>\n","protected":false},"excerpt":{"rendered":"<p data-start=\"315\" data-end=\"454\"><strong data-start=\"315\" data-end=\"351\">KICHERBSEN-MISO \/ MISO DI CECI<\/strong><br data-start=\"351\" data-end=\"354\">Pasta di condimento fermentata a base di ceci biologici.<br data-start=\"407\" data-end=\"410\">Pasta fermentata a base di ceci biologici.<br \/>\n<strong data-start=\"456\" data-end=\"482\">Utilizzo:<\/strong><br data-start=\"482\" data-end=\"485\">Per marinate, condimenti, zuppe, salse, dessert, piatti di carne, pesce e cucina vegana.<br data-start=\"578\" data-end=\"581\">Per marinate, condimenti, zuppe, salse, dessert, piatti di carne, pesce e cucina vegana.<br \/>\n<strong data-start=\"673\" data-end=\"699\">Ingredienti:<\/strong><br data-start=\"699\" data-end=\"702\">Ceci* (45%), <strong>koji d&#8217;orzo*<\/strong> (45%) (orzo*, Aspergillus oryzae), acqua, sale naturale (5%).<br data-start=\"787\" data-end=\"790\">Ceci* (45%), <strong>koji d&#8217;orzo*<\/strong> (45%) (orzo*, Aspergillus oryzae), acqua, sale naturale (5%).<br data-start=\"870\" data-end=\"873\">(*da agricoltura biologica certificata \/ da agricoltura biologica)<br \/>\n<strong data-start=\"1088\" data-end=\"1111\">Contenuto \/ Contenuto:<\/strong> 200 g<\/p>\n<p data-start=\"1121\" data-end=\"1474\"><strong data-start=\"1121\" data-end=\"1205\">Valori nutrizionali per 100 g (\u00d8, stimati) \/ Valori nutrizionali medi per 100 g (stima):<\/strong><br data-start=\"1205\" data-end=\"1208\">Energie \/ Energia: circa 195 kcal (818 kJ)<br data-start=\"1248\" data-end=\"1251\">Fett \/ Grassi: 4,7 g<br data-start=\"1271\" data-end=\"1274\">&#8211; davon ges. Fetts\u00e4uren \/ di cui saturi: 0,7 g<br data-start=\"1320\" data-end=\"1323\">Carboidrati \/ Carboidrati: 27 g<br data-start=\"1356\" data-end=\"1359\">&#8211; davon Zucker \/ di cui zuccheri: 6 g<br data-start=\"1396\" data-end=\"1399\">Eiwei\u00df \/ Proteine: 10,8 g<br data-start=\"1424\" data-end=\"1427\">Ballaststoffe \/ Fibre: 6 g<br data-start=\"1453\" data-end=\"1456\">Salz \/ Sale: 5 g <\/p>\n<p data-start=\"1476\" data-end=\"1593\"><strong data-start=\"1476\" data-end=\"1505\">Conservazione:<\/strong><br data-start=\"1505\" data-end=\"1508\">Una volta aperto, conservalo in frigorifero. Se conservato correttamente, si manterr\u00e0 per anni.<br data-start=\"591\" data-end=\"594\">Dopo l&#8217;apertura conserva in frigorifero. Se conservato correttamente, si mantiene per anni.<br \/>\n<strong>Prodotto da\/prodotto da<\/strong>: Soelva SRLS, Via Crispi 37, 39100 Bolzano-Bozen<\/p>\n","protected":false},"featured_media":4821,"comment_status":"open","ping_status":"closed","template":"","meta":{"_acf_changed":false,"_kad_blocks_custom_css":"","_kad_blocks_head_custom_js":"","_kad_blocks_body_custom_js":"","_kad_blocks_footer_custom_js":"","_kadence_starter_templates_imported_post":false,"_kad_post_transparent":"","_kad_post_title":"","_kad_post_layout":"","_kad_post_sidebar_id":"","_kad_post_content_style":"","_kad_post_vertical_padding":"","_kad_post_feature":"","_kad_post_feature_position":"","_kad_post_header":false,"_kad_post_footer":false},"product_brand":[],"product_cat":[110,111],"product_tag":[156,209,205],"class_list":{"0":"post-1065","1":"product","2":"type-product","3":"status-publish","4":"has-post-thumbnail","6":"product_cat-nozioni-di-base","7":"product_cat-miso-it","8":"product_tag-acquista","9":"product_tag-ceci","10":"product_tag-miso-it","12":"first","13":"instock","14":"taxable","15":"shipping-taxable","16":"purchasable","17":"product-type-simple","18":"entry","19":"content-bg","20":"loop-entry"},"supplier_id":4479,"supplier_sku":"","barcode":null,"atum_controlled":true,"out_stock_date":null,"out_stock_threshold":null,"inheritable":false,"inbound_stock":0,"stock_on_hold":0,"sold_today":0,"sales_last_days":0,"reserved_stock":0,"customer_returns":0,"warehouse_damage":0,"lost_in_post":0,"other_logs":0,"out_stock_days":0,"lost_sales":0,"has_location":false,"update_date":"2026-04-20T00:20:02","atum_locations":[],"atum_stock_status":"instock","restock_status":false,"low_stock_amount":"","sales_update_date":"2026-04-20T00:20:02","calc_backorders":null,"acf":[],"taxonomy_info":{"product_cat":[{"value":110,"label":"Basics"},{"value":111,"label":"Miso"}],"product_tag":[{"value":156,"label":"Acquista"},{"value":209,"label":"ceci"},{"value":205,"label":"Miso"}]},"featured_image_src_large":["https:\/\/conditoferments.com\/wp-content\/uploads\/2025\/07\/kichererbsen-1024x1024.png",1024,1024,true],"author_info":[],"comment_info":0,"batches":[{"id":"3","date_created":"2025-09-29 11:28:13","date_expiry":"2026-09-29 00:00:00","user_id":"1","batch_number":"252909","location":"","quantity":"80.0000","quantity_available":"77.0000","units":"1","status":"active","order_ids":"[1835,1959,2125]"}],"_links":{"self":[{"href":"https:\/\/conditoferments.com\/it\/wp-json\/wp\/v2\/product\/1065","targetHints":{"allow":["GET"]}}],"collection":[{"href":"https:\/\/conditoferments.com\/it\/wp-json\/wp\/v2\/product"}],"about":[{"href":"https:\/\/conditoferments.com\/it\/wp-json\/wp\/v2\/types\/product"}],"replies":[{"embeddable":true,"href":"https:\/\/conditoferments.com\/it\/wp-json\/wp\/v2\/comments?post=1065"}],"wp:featuredmedia":[{"embeddable":true,"href":"https:\/\/conditoferments.com\/it\/wp-json\/wp\/v2\/media\/4821"}],"wp:attachment":[{"href":"https:\/\/conditoferments.com\/it\/wp-json\/wp\/v2\/media?parent=1065"}],"wp:term":[{"taxonomy":"product_brand","embeddable":true,"href":"https:\/\/conditoferments.com\/it\/wp-json\/wp\/v2\/product_brand?post=1065"},{"taxonomy":"product_cat","embeddable":true,"href":"https:\/\/conditoferments.com\/it\/wp-json\/wp\/v2\/product_cat?post=1065"},{"taxonomy":"product_tag","embeddable":true,"href":"https:\/\/conditoferments.com\/it\/wp-json\/wp\/v2\/product_tag?post=1065"}],"curies":[{"name":"wp","href":"https:\/\/api.w.org\/{rel}","templated":true}]}}