{"id":1069,"date":"2025-07-08T12:31:59","date_gmt":"2025-07-08T10:31:59","guid":{"rendered":"https:\/\/conditoferments.com\/produkt\/riso-felix-riso-integrale-di-vercelli-1-kg\/"},"modified":"2026-03-30T15:26:34","modified_gmt":"2026-03-30T13:26:34","slug":"riso-felix-riso-integrale-di-vercelli-1-kg","status":"publish","type":"product","link":"https:\/\/conditoferments.com\/it\/produkt\/riso-felix-riso-integrale-di-vercelli-1-kg\/","title":{"rendered":"Riso Felix &#8211; Riso integrale di Vercelli 1 kg"},"content":{"rendered":"<div class=\"wpb_text_column wpb_content_element \">\n<div class=\"wpb_wrapper\">\n<h4>Il Felix \u00e8 un riso integrale che combina un valore nutrizionale eccezionalmente alto con caratteristiche di sapore uniche. Ha un elevato contenuto di fibre, fosforo e magnesio, oltre che di vitamine E e B6, \u00e8 sinonimo di alimentazione sana ed \u00e8 particolarmente apprezzato dagli atleti. \u00c8 adatto per una cucina sana ed \u00e8 ideale per gli sportivi.  <\/h4>\n<\/div>\n<\/div>\n<div class=\"vc_empty_space\"><\/div>\n<div class=\"wpb_text_column wpb_content_element \">\n<div class=\"wpb_wrapper\">\n<h2>RISO INTEGRALE CON GERMOGLI GRANDI, ALTO VALORE NUTRIZIONALE E SAPORE UNICO<\/h2>\n<\/div>\n<\/div>\n<div class=\"wpb_text_column wpb_content_element \">\n<div class=\"wpb_wrapper\">\n<p>Il riso integrale Felix \u00e8 caratterizzato da un germoglio particolarmente grande e quindi da un valore nutrizionale eccezionalmente elevato e da un gusto unico.<br \/>\nIl germoglio, molto grande nella variet\u00e0 Felix, \u00e8 la parte del riso integrale che contiene i componenti pi\u00f9 preziosi. Per questo motivo, questa variet\u00e0 di riso \u00e8 caratterizzata da diverse propriet\u00e0 eccezionali: valore nutrizionale superiore alla media, fosforo e magnesio. Fornisce inoltre potassio, vitamina E e B6. Il grande germoglio fornisce anche propriet\u00e0 organolettiche &#8211; cio\u00e8 gusto, aspetto, odore e colore &#8211; che rendono Felix il riso integrale pi\u00f9 saporito.<br \/>\nInsieme a una dieta equilibrata e a una regolare attivit\u00e0 fisica, aiuta a mantenere il benessere e la forma fisica.<br \/>\nIn questo caso, lo straordinario porta al nome: Felix significa ricco, desiderabile &#8211; il riso che ti rende felice!   <\/p>\n<\/div>\n<\/div>\n","protected":false},"excerpt":{"rendered":"<p>Il Felix \u00e8 un riso integrale che combina un valore nutrizionale eccezionalmente alto con caratteristiche di sapore uniche. Ha un elevato contenuto di fibre, fosforo e magnesio, oltre che di vitamine E e B6, \u00e8 sinonimo di alimentazione sana ed \u00e8 particolarmente apprezzato dagli atleti. \u00c8 adatto per una cucina sana ed \u00e8 ideale per&#8230;<\/p>\n","protected":false},"featured_media":783,"comment_status":"open","ping_status":"closed","template":"","meta":{"_acf_changed":false,"_kad_blocks_custom_css":"","_kad_blocks_head_custom_js":"","_kad_blocks_body_custom_js":"","_kad_blocks_footer_custom_js":"","_kadence_starter_templates_imported_post":false,"_kad_post_transparent":"","_kad_post_title":"","_kad_post_layout":"","_kad_post_sidebar_id":"","_kad_post_content_style":"","_kad_post_vertical_padding":"","_kad_post_feature":"","_kad_post_feature_position":"","_kad_post_header":false,"_kad_post_footer":false},"product_brand":[],"product_cat":[116],"product_tag":[118,121,120,117,119],"class_list":{"0":"post-1069","1":"product","2":"type-product","3":"status-publish","4":"has-post-thumbnail","6":"product_cat-riso","7":"product_tag-condito-it","8":"product_tag-cucina-sana","9":"product_tag-fitness-it","10":"product_tag-italia","11":"product_tag-riso-integrale","13":"first","14":"instock","15":"taxable","16":"shipping-taxable","17":"purchasable","18":"product-type-simple","19":"entry","20":"content-bg","21":"loop-entry"},"supplier_id":4870,"supplier_sku":"","barcode":null,"atum_controlled":true,"out_stock_date":null,"out_stock_threshold":null,"inheritable":false,"inbound_stock":0,"stock_on_hold":0,"sold_today":0,"sales_last_days":0,"reserved_stock":0,"customer_returns":0,"warehouse_damage":0,"lost_in_post":0,"other_logs":0,"out_stock_days":0,"lost_sales":0,"has_location":false,"update_date":"2026-04-26T00:23:24","atum_locations":[],"atum_stock_status":"instock","restock_status":false,"low_stock_amount":"","sales_update_date":"2026-04-26T00:23:24","calc_backorders":null,"acf":[],"taxonomy_info":{"product_cat":[{"value":116,"label":"Riso"}],"product_tag":[{"value":118,"label":"condito"},{"value":121,"label":"cucina sana"},{"value":120,"label":"Fitness"},{"value":117,"label":"Italia"},{"value":119,"label":"Riso integrale"}]},"featured_image_src_large":["https:\/\/conditoferments.com\/wp-content\/uploads\/2025\/07\/IDEARISO_Felix500_grigio-683x1024.png",683,1024,true],"author_info":[],"comment_info":0,"batches":[],"_links":{"self":[{"href":"https:\/\/conditoferments.com\/it\/wp-json\/wp\/v2\/product\/1069","targetHints":{"allow":["GET"]}}],"collection":[{"href":"https:\/\/conditoferments.com\/it\/wp-json\/wp\/v2\/product"}],"about":[{"href":"https:\/\/conditoferments.com\/it\/wp-json\/wp\/v2\/types\/product"}],"replies":[{"embeddable":true,"href":"https:\/\/conditoferments.com\/it\/wp-json\/wp\/v2\/comments?post=1069"}],"wp:featuredmedia":[{"embeddable":true,"href":"https:\/\/conditoferments.com\/it\/wp-json\/wp\/v2\/media\/783"}],"wp:attachment":[{"href":"https:\/\/conditoferments.com\/it\/wp-json\/wp\/v2\/media?parent=1069"}],"wp:term":[{"taxonomy":"product_brand","embeddable":true,"href":"https:\/\/conditoferments.com\/it\/wp-json\/wp\/v2\/product_brand?post=1069"},{"taxonomy":"product_cat","embeddable":true,"href":"https:\/\/conditoferments.com\/it\/wp-json\/wp\/v2\/product_cat?post=1069"},{"taxonomy":"product_tag","embeddable":true,"href":"https:\/\/conditoferments.com\/it\/wp-json\/wp\/v2\/product_tag?post=1069"}],"curies":[{"name":"wp","href":"https:\/\/api.w.org\/{rel}","templated":true}]}}