{"id":1072,"date":"2025-07-08T12:31:59","date_gmt":"2025-07-08T10:31:59","guid":{"rendered":"https:\/\/conditoferments.com\/produkt\/riso-gilda-riso-integrale-di-vercelli-1-kg\/"},"modified":"2026-03-30T15:26:33","modified_gmt":"2026-03-30T13:26:33","slug":"riso-gilda-riso-integrale-di-vercelli-1-kg","status":"publish","type":"product","link":"https:\/\/conditoferments.com\/it\/produkt\/riso-gilda-riso-integrale-di-vercelli-1-kg\/","title":{"rendered":"Riso Gilda &#8211; Riso integrale di Vercelli 1 kg"},"content":{"rendered":"<div class=\"wpb_text_column wpb_content_element \">\n<div class=\"wpb_wrapper\">\n<h4>Gilda \u00e8 un riso integrale rosso, pieno di sapore e allo stesso tempo delicatamente profumato. Il Gilda \u00e8 ricco di fibre, fosforo e magnesio ed \u00e8 adatto alle diete vegane e a tutti i tipi di preparazione, da quelle pi\u00f9 semplici a quelle pi\u00f9 raffinate e innovative. <\/h4>\n<\/div>\n<\/div>\n<div class=\"vc_empty_space\"><\/div>\n<div class=\"wpb_text_column wpb_content_element \">\n<div class=\"wpb_wrapper\">\n<h2>SAPORE INTENSO E PROFUMO DELICATO, PER PIATTI SEMPLICI E SQUISITI<\/h2>\n<\/div>\n<\/div>\n<div class=\"wpb_text_column wpb_content_element \">\n<div class=\"wpb_wrapper\">\n<p>Il riso integrale Gilda ha un colore rosso intenso naturale ed \u00e8 il risultato di un&#8217;accurata selezione e produzione da parte di Ideariso. Il suo alto valore nutrizionale \u00e8 completato dal sapore, dal profumo delicato e dal colore intenso.<br \/>\nInformazioni nutrizionali: alto contenuto di fibre, contiene fosforo e magnesio.<br \/>\nGilda \u00e8 un&#8217;esclusiva variet\u00e0 di riso rosso sviluppata interamente in Italia e coltivata da Ideariso nelle province di Vercelli e Novara. La selezione di Ideariso nella produzione \u00e8 meticolosa e prevede standard qualitativi molto elevati. La qualit\u00e0 \u00e8 sempre una priorit\u00e0, anche in campo, grazie al grande impegno dei nostri agricoltori e all&#8217;accuratissima selezione, conservazione e lavorazione che Ideariso ha sviluppato appositamente per questa variet\u00e0, come per tutti i suoi prodotti.<br \/>\nI diversi mesi di conservazione prima della lavorazione sono uno degli elementi che contribuiscono alle caratteristiche uniche di questo riso integrale.   <\/p>\n<\/div>\n<\/div>\n","protected":false},"excerpt":{"rendered":"<p>Gilda \u00e8 un riso integrale rosso, pieno di sapore e allo stesso tempo delicatamente profumato. Il Gilda \u00e8 ricco di fibre, fosforo e magnesio ed \u00e8 adatto alle diete vegane e a tutti i tipi di preparazione, da quelle pi\u00f9 semplici a quelle pi\u00f9 raffinate e innovative. SAPORE INTENSO E PROFUMO DELICATO, PER PIATTI SEMPLICI&#8230;<\/p>\n","protected":false},"featured_media":781,"comment_status":"open","ping_status":"closed","template":"","meta":{"_acf_changed":false,"_kad_blocks_custom_css":"","_kad_blocks_head_custom_js":"","_kad_blocks_body_custom_js":"","_kad_blocks_footer_custom_js":"","_kadence_starter_templates_imported_post":false,"_kad_post_transparent":"","_kad_post_title":"","_kad_post_layout":"","_kad_post_sidebar_id":"","_kad_post_content_style":"","_kad_post_vertical_padding":"","_kad_post_feature":"","_kad_post_feature_position":"","_kad_post_header":false,"_kad_post_footer":false},"product_brand":[],"product_cat":[116],"product_tag":[118,128,117,119],"class_list":{"0":"post-1072","1":"product","2":"type-product","3":"status-publish","4":"has-post-thumbnail","6":"product_cat-riso","7":"product_tag-condito-it","8":"product_tag-dieta-vegana","9":"product_tag-italia","10":"product_tag-riso-integrale","12":"first","13":"instock","14":"taxable","15":"shipping-taxable","16":"purchasable","17":"product-type-simple","18":"entry","19":"content-bg","20":"loop-entry"},"supplier_id":4870,"supplier_sku":"","barcode":null,"atum_controlled":true,"out_stock_date":null,"out_stock_threshold":null,"inheritable":false,"inbound_stock":0,"stock_on_hold":0,"sold_today":0,"sales_last_days":0,"reserved_stock":0,"customer_returns":0,"warehouse_damage":0,"lost_in_post":0,"other_logs":0,"out_stock_days":0,"lost_sales":0,"has_location":false,"update_date":"2026-04-20T00:20:04","atum_locations":[],"atum_stock_status":"instock","restock_status":false,"low_stock_amount":"","sales_update_date":"2026-04-20T00:20:04","calc_backorders":null,"acf":[],"taxonomy_info":{"product_cat":[{"value":116,"label":"Riso"}],"product_tag":[{"value":118,"label":"condito"},{"value":128,"label":"dieta vegana"},{"value":117,"label":"Italia"},{"value":119,"label":"Riso integrale"}]},"featured_image_src_large":["https:\/\/conditoferments.com\/wp-content\/uploads\/2025\/07\/sito_IDEARISO_MATTONELLA_GILDA_mockup-copia-683x1024.jpg",683,1024,true],"author_info":[],"comment_info":0,"batches":[],"_links":{"self":[{"href":"https:\/\/conditoferments.com\/it\/wp-json\/wp\/v2\/product\/1072","targetHints":{"allow":["GET"]}}],"collection":[{"href":"https:\/\/conditoferments.com\/it\/wp-json\/wp\/v2\/product"}],"about":[{"href":"https:\/\/conditoferments.com\/it\/wp-json\/wp\/v2\/types\/product"}],"replies":[{"embeddable":true,"href":"https:\/\/conditoferments.com\/it\/wp-json\/wp\/v2\/comments?post=1072"}],"wp:featuredmedia":[{"embeddable":true,"href":"https:\/\/conditoferments.com\/it\/wp-json\/wp\/v2\/media\/781"}],"wp:attachment":[{"href":"https:\/\/conditoferments.com\/it\/wp-json\/wp\/v2\/media?parent=1072"}],"wp:term":[{"taxonomy":"product_brand","embeddable":true,"href":"https:\/\/conditoferments.com\/it\/wp-json\/wp\/v2\/product_brand?post=1072"},{"taxonomy":"product_cat","embeddable":true,"href":"https:\/\/conditoferments.com\/it\/wp-json\/wp\/v2\/product_cat?post=1072"},{"taxonomy":"product_tag","embeddable":true,"href":"https:\/\/conditoferments.com\/it\/wp-json\/wp\/v2\/product_tag?post=1072"}],"curies":[{"name":"wp","href":"https:\/\/api.w.org\/{rel}","templated":true}]}}