{"id":1076,"date":"2025-07-08T12:31:59","date_gmt":"2025-07-08T10:31:59","guid":{"rendered":"https:\/\/conditoferments.com\/produkt\/riso-gigante-per-risotti-di-vercelli-1-kg\/"},"modified":"2026-03-30T15:26:31","modified_gmt":"2026-03-30T13:26:31","slug":"riso-gigante-per-risotti-di-vercelli-1-kg","status":"publish","type":"product","link":"https:\/\/conditoferments.com\/it\/produkt\/riso-gigante-per-risotti-di-vercelli-1-kg\/","title":{"rendered":"Riso Gigante per risotti di Vercelli 1 kg"},"content":{"rendered":"<div class=\"wpb_text_column wpb_content_element \">\n<div class=\"wpb_wrapper\">\n<h4>Il Gigante Vercelli \u00e8 un riso a chicco grande di qualit\u00e0 unica. \u00c8 adatto alla preparazione di risotti eccezionali ed \u00e8 particolarmente apprezzato per il suo risultato di cottura cremoso. <\/h4>\n<\/div>\n<\/div>\n<div class=\"vc_empty_space\"><\/div>\n<div class=\"wpb_text_column wpb_content_element \">\n<div class=\"wpb_wrapper\">\n<h2>GIGANTE VERCELLI &#8211; ANTICA VARIET\u00c0 A BASSA RESA E ALTA QUALIT\u00c0 PER OTTIMI RISOTTI<\/h2>\n<\/div>\n<\/div>\n<div class=\"wpb_text_column wpb_content_element \">\n<div class=\"wpb_wrapper\">\n<p>Il riso Gigante Vercelli \u00e8 un&#8217;antica variet\u00e0 che Ideariso ha reintrodotto in coltivazione nella sua forma pura.<br \/>\nIl Ministero dell&#8217;Agricoltura italiano ha affidato a Ideariso la conservazione di questa storica variet\u00e0. Le basse rese, una certa qualit\u00e0 organolettica &#8211; cio\u00e8 caratteristiche come il gusto, l&#8217;aspetto, l&#8217;odore e il colore &#8211; e la naturale resistenza alle malattie (una specialit\u00e0 assoluta!) sono le caratteristiche di questa variet\u00e0 di riso e sono stati i criteri di selezione per questo prodotto salutare di alta gamma fin dall&#8217;antichit\u00e0.<br \/>\nE oggi sono sinonimo di un riso per risotti unico nel suo genere. I chicchi grandi non si attaccano tra loro durante il processo di cottura e il risotto risulta cremoso in modo unico.<br \/>\nPer il Gigante Vercelli, Ideariso riserva i campi pi\u00f9 adatti a questa variet\u00e0, esclusivamente nella provincia di Vercelli. Questa variet\u00e0 di riso non necessita di fungicidi.<br \/>\nLa lavorazione avviene in uno stabilimento di alta qualit\u00e0 dove vengono macinate solo piccole quantit\u00e0 di riso al giorno e dove l&#8217;attenzione \u00e8 rivolta a un chicco perfetto.<br \/>\nIdeariso \u00e8 orgogliosa di detenere il premio <a href=\"https:\/\/www.fondazioneslowfood.com\/it\/presidi-slow-food\/riso-gigante-vercelli\/\" target=\"_blank\" rel=\"noopener\">PRESIDIO SLOW FOOD<\/a> 2018 per il suo grande impegno e la sua determinazione nel reintrodurre questa antica variet\u00e0. Slow Food \u00e8 un movimento globale nato in Italia che promuove un sistema alimentare socialmente ed ecologicamente responsabile, che tutela la diversit\u00e0 bioculturale e il benessere degli animali.    <\/p>\n<\/div>\n<\/div>\n","protected":false},"excerpt":{"rendered":"<p>Il Gigante Vercelli \u00e8 un riso a chicco grande di qualit\u00e0 unica. \u00c8 adatto alla preparazione di risotti eccezionali ed \u00e8 particolarmente apprezzato per il suo risultato di cottura cremoso. GIGANTE VERCELLI &#8211; ANTICA VARIET\u00c0 A BASSA RESA E ALTA QUALIT\u00c0 PER OTTIMI RISOTTI Il riso Gigante Vercelli \u00e8 un&#8217;antica variet\u00e0 che Ideariso ha reintrodotto&#8230;<\/p>\n","protected":false},"featured_media":779,"comment_status":"open","ping_status":"closed","template":"","meta":{"_acf_changed":false,"_kad_blocks_custom_css":"","_kad_blocks_head_custom_js":"","_kad_blocks_body_custom_js":"","_kad_blocks_footer_custom_js":"","_kadence_starter_templates_imported_post":false,"_kad_post_transparent":"","_kad_post_title":"","_kad_post_layout":"","_kad_post_sidebar_id":"","_kad_post_content_style":"","_kad_post_vertical_padding":"","_kad_post_feature":"","_kad_post_feature_position":"","_kad_post_header":false,"_kad_post_footer":false},"product_brand":[],"product_cat":[116],"product_tag":[133,132,117,130,131],"class_list":{"0":"post-1076","1":"product","2":"type-product","3":"status-publish","4":"has-post-thumbnail","6":"product_cat-riso","7":"product_tag-esperienza-di-cucina","8":"product_tag-gigante-it","9":"product_tag-italia","10":"product_tag-riso","11":"product_tag-risotto-it","13":"first","14":"instock","15":"taxable","16":"shipping-taxable","17":"purchasable","18":"product-type-simple","19":"entry","20":"content-bg","21":"loop-entry"},"supplier_id":4870,"supplier_sku":"","barcode":null,"atum_controlled":true,"out_stock_date":null,"out_stock_threshold":null,"inheritable":false,"inbound_stock":0,"stock_on_hold":0,"sold_today":0,"sales_last_days":0,"reserved_stock":0,"customer_returns":0,"warehouse_damage":0,"lost_in_post":0,"other_logs":0,"out_stock_days":0,"lost_sales":0,"has_location":false,"update_date":"2026-04-14T00:15:25","atum_locations":[],"atum_stock_status":"instock","restock_status":false,"low_stock_amount":"","sales_update_date":"2026-04-14T00:15:25","calc_backorders":null,"acf":[],"taxonomy_info":{"product_cat":[{"value":116,"label":"Riso"}],"product_tag":[{"value":133,"label":"Esperienza di cucina"},{"value":132,"label":"Gigante"},{"value":117,"label":"Italia"},{"value":130,"label":"riso"},{"value":131,"label":"risotto"}]},"featured_image_src_large":["https:\/\/conditoferments.com\/wp-content\/uploads\/2025\/07\/sito_IDEARISO_MATTONELLA_GIGANTE_mockup-copia-683x1024.jpg",683,1024,true],"author_info":[],"comment_info":0,"batches":[],"_links":{"self":[{"href":"https:\/\/conditoferments.com\/it\/wp-json\/wp\/v2\/product\/1076","targetHints":{"allow":["GET"]}}],"collection":[{"href":"https:\/\/conditoferments.com\/it\/wp-json\/wp\/v2\/product"}],"about":[{"href":"https:\/\/conditoferments.com\/it\/wp-json\/wp\/v2\/types\/product"}],"replies":[{"embeddable":true,"href":"https:\/\/conditoferments.com\/it\/wp-json\/wp\/v2\/comments?post=1076"}],"wp:featuredmedia":[{"embeddable":true,"href":"https:\/\/conditoferments.com\/it\/wp-json\/wp\/v2\/media\/779"}],"wp:attachment":[{"href":"https:\/\/conditoferments.com\/it\/wp-json\/wp\/v2\/media?parent=1076"}],"wp:term":[{"taxonomy":"product_brand","embeddable":true,"href":"https:\/\/conditoferments.com\/it\/wp-json\/wp\/v2\/product_brand?post=1076"},{"taxonomy":"product_cat","embeddable":true,"href":"https:\/\/conditoferments.com\/it\/wp-json\/wp\/v2\/product_cat?post=1076"},{"taxonomy":"product_tag","embeddable":true,"href":"https:\/\/conditoferments.com\/it\/wp-json\/wp\/v2\/product_tag?post=1076"}],"curies":[{"name":"wp","href":"https:\/\/api.w.org\/{rel}","templated":true}]}}