{"id":1235,"date":"2025-08-29T10:07:15","date_gmt":"2025-08-29T08:07:15","guid":{"rendered":"https:\/\/conditoferments.com\/?post_type=product&#038;p=1235"},"modified":"2026-03-18T12:20:55","modified_gmt":"2026-03-18T11:20:55","slug":"cheese-garum-salsa-di-condimento-a-base-di-formaggio-fermentato-100ml-kopie","status":"publish","type":"product","link":"https:\/\/conditoferments.com\/it\/produkt\/cheese-garum-salsa-di-condimento-a-base-di-formaggio-fermentato-100ml-kopie\/","title":{"rendered":"Cheese Garum &#8211; Salsa di condimento a base di formaggio fermentato 250ml"},"content":{"rendered":"<div class=\"more-info\">\n<div id=\"tab-content\" class=\"tab-content\">\n<div id=\"description\" class=\"tab-pane fade in active\">\n<div class=\"product-description tab-pane-inner rte\">\n<p>Il garum veniva gi\u00e0 prodotto nell&#8217;antica Roma a partire dal pesce, che veniva salato e fatto fermentare al sole in vasi per diversi mesi. Nella versione moderna, la carne di animali o di pesce viene mescolata, fatta fermentare con almeno l&#8217;8% di sale e koji per 8 mesi. Il risultato \u00e8 una salsa scura che aggiunge complessit\u00e0 e sapore umami a piatti e salse e pu\u00f2 essere utilizzata anche al posto del sale. Il sale utilizzato proviene dalle saline di Cervia ed \u00e8 naturale al 100% senza aggiunta di iodio.   <\/p>\n<p><strong>K\u00c4SEGARUM \/ GARUM DI FORMAGGIO:<\/strong><br \/>\nCondimento liquido per brodi e zuppe. Diluisci puro con acqua o brodo 1:20.<br \/>\nUsi: salse, condimenti, insalate, piatti di carne, verdure, risotti, pasta, ecc.<br \/>\nCondimento liquido per fondi e zuppe. Diluisci puro con acqua o brodo 1:20 per un gusto umami intenso&#8230;<br \/>\nUtilizzo: salse, insalate, piatti di carne, verdure, risotti, pasta e molto altro.<br \/>\n<strong>Ingredienti \/ Ingredienti:<\/strong><br \/>\n<strong>Formaggio <\/strong> (40%), acqua, <strong>orzo<\/strong> (20%), sale (10%), Aspergillus oryzae.<br \/>\n<strong>Formaggio <\/strong> (40%), acqua, <strong>orzo<\/strong> (20%), sale (10%), Aspergillus oryzae.<\/p>\n<p><strong>Valori nutrizionali medi per 100 g \/ Valori nutrizionali medi per 100 g:<\/strong><br \/>\nEnergia\/Energy: 360 kJ \/ 86 kcal<br \/>\nGrassi\/Fat: 3,5 g<br \/>\ndi cui acidi grassi saturi \/ di cui acidi grassi saturi: 2,2 g<br \/>\nCarboidrati\/carboidrati: 5,6 g<br \/>\ndi cui zuccheri \/ di cui zucchero: 1,2 g<br \/>\nProteine\/proteine: 8,5 g<br \/>\nSale\/sale: 10,5 g<\/p>\n<p>Conservare in frigorifero dopo l&#8217;apertura. Se conservato correttamente, pu\u00f2 essere conservato per anni.<br \/>\nDopo l&#8217;apertura conserva in frigorifero. Se conservato correttamente, si mantiene per anni.<br \/>\nVasetto\/Glas: GL 70 &#8211; Vetro<br \/>\nCapsula\/Kapsel: ALU 41 &#8211; Metal<br \/>\nRaccolta differenziata &#8211; verifica le disposizioni del proprio Comune <\/p>\n<\/div>\n<\/div>\n<\/div>\n<\/div>\n","protected":false},"excerpt":{"rendered":"<p>Trota Garum 100ml<\/p>\n","protected":false},"featured_media":4817,"comment_status":"open","ping_status":"closed","template":"","meta":{"_acf_changed":false,"_kad_blocks_custom_css":"","_kad_blocks_head_custom_js":"","_kad_blocks_body_custom_js":"","_kad_blocks_footer_custom_js":"","_kadence_starter_templates_imported_post":false,"_kad_post_transparent":"default","_kad_post_title":"","_kad_post_layout":"default","_kad_post_sidebar_id":"","_kad_post_content_style":"default","_kad_post_vertical_padding":"default","_kad_post_feature":"","_kad_post_feature_position":"","_kad_post_header":false,"_kad_post_footer":false},"product_brand":[],"product_cat":[112],"product_tag":[156,163,153],"class_list":{"0":"post-1235","1":"product","2":"type-product","3":"status-publish","4":"has-post-thumbnail","6":"product_cat-garum-it","7":"product_tag-acquista","8":"product_tag-formaggio","9":"product_tag-garum-it","11":"first","12":"instock","13":"taxable","14":"shipping-taxable","15":"purchasable","16":"product-type-simple","17":"entry","18":"content-bg","19":"loop-entry"},"supplier_id":4479,"supplier_sku":"","barcode":null,"atum_controlled":true,"out_stock_date":null,"out_stock_threshold":null,"inheritable":false,"inbound_stock":0,"stock_on_hold":1,"sold_today":0,"sales_last_days":0,"reserved_stock":0,"customer_returns":0,"warehouse_damage":0,"lost_in_post":0,"other_logs":0,"out_stock_days":0,"lost_sales":0,"has_location":false,"update_date":"2026-04-23T00:22:23","atum_locations":[],"atum_stock_status":"instock","restock_status":false,"low_stock_amount":"","sales_update_date":"2026-04-23T00:22:23","calc_backorders":null,"acf":[],"taxonomy_info":{"product_cat":[{"value":112,"label":"Garum"}],"product_tag":[{"value":156,"label":"Acquista"},{"value":163,"label":"formaggio"},{"value":153,"label":"garum"}]},"featured_image_src_large":["https:\/\/conditoferments.com\/wp-content\/uploads\/2025\/08\/kaese-1024x1024.png",1024,1024,true],"author_info":[],"comment_info":0,"batches":[{"id":"13","date_created":"2026-02-16 17:19:37","date_expiry":"2027-02-17 00:00:00","user_id":"1","batch_number":"261602","location":"","quantity":"10.0000","quantity_available":"10.0000","units":"1","status":"archived","order_ids":null}],"_links":{"self":[{"href":"https:\/\/conditoferments.com\/it\/wp-json\/wp\/v2\/product\/1235","targetHints":{"allow":["GET"]}}],"collection":[{"href":"https:\/\/conditoferments.com\/it\/wp-json\/wp\/v2\/product"}],"about":[{"href":"https:\/\/conditoferments.com\/it\/wp-json\/wp\/v2\/types\/product"}],"replies":[{"embeddable":true,"href":"https:\/\/conditoferments.com\/it\/wp-json\/wp\/v2\/comments?post=1235"}],"wp:featuredmedia":[{"embeddable":true,"href":"https:\/\/conditoferments.com\/it\/wp-json\/wp\/v2\/media\/4817"}],"wp:attachment":[{"href":"https:\/\/conditoferments.com\/it\/wp-json\/wp\/v2\/media?parent=1235"}],"wp:term":[{"taxonomy":"product_brand","embeddable":true,"href":"https:\/\/conditoferments.com\/it\/wp-json\/wp\/v2\/product_brand?post=1235"},{"taxonomy":"product_cat","embeddable":true,"href":"https:\/\/conditoferments.com\/it\/wp-json\/wp\/v2\/product_cat?post=1235"},{"taxonomy":"product_tag","embeddable":true,"href":"https:\/\/conditoferments.com\/it\/wp-json\/wp\/v2\/product_tag?post=1235"}],"curies":[{"name":"wp","href":"https:\/\/api.w.org\/{rel}","templated":true}]}}