{"id":1263,"date":"2025-08-29T10:43:10","date_gmt":"2025-08-29T08:43:10","guid":{"rendered":"https:\/\/conditoferments.com\/produkt\/salsa-bbq-allaglio-nero-240ml\/"},"modified":"2026-03-18T10:41:16","modified_gmt":"2026-03-18T09:41:16","slug":"salsa-bbq-allaglio-nero-240ml","status":"publish","type":"product","link":"https:\/\/conditoferments.com\/it\/produkt\/salsa-bbq-allaglio-nero-240ml\/","title":{"rendered":"Salsa BBQ all&#8217;aglio nero 240ml"},"content":{"rendered":"<p data-start=\"257\" data-end=\"546\">La nostra Salsa BBQ all&#8217;Aglio Nero \u00e8 la combinazione perfetta di umami saporito, pomodoro fruttato e una sottile nota affumicata. L&#8217;aggiunta di aglio nero fermentato conferisce alla salsa il suo inconfondibile sapore dolce e delicato, con un aroma intenso. Che sia per il barbecue, come marinata per carne, pesce o verdure o semplicemente come intingolo, questa salsa BBQ garantisce momenti speciali di piacere. Ingredienti di alta qualit\u00e0 come il miso, il kimchi e la salsa di soia shoyu le conferiscono un sapore di ispirazione asiatica che la distingue nettamente dalle salse barbecue tradizionali.  <\/p>\n<p data-start=\"876\" data-end=\"1061\">La nostra salsa BBQ all&#8217;aglio nero non \u00e8 solo un&#8217;attrazione per gli appassionati di barbecue, ma anche per tutti coloro che apprezzano la qualit\u00e0, il sapore e l&#8217;unicit\u00e0 quando cucinano e gustano i cibi.<\/p>\n<p>Conservare in frigorifero dopo l&#8217;apertura.<br \/>\n<strong>Uso:<\/strong> per piatti di carne, pesce e verdure<\/p>\n<p><strong>Contenuto: <\/strong>240ml<\/p>\n<p><strong>Ingredienti<\/strong>: Brodo vegetale (37%), passata di pomodoro arrostita (22%),<br \/>\nzucchero grezzo (9%), aglio nero, shoyu di lenticchie e <strong>segale<\/strong>, olio di girasole, aceto di sidro di mele, polvere di fumo, peperoncino.<br \/>\nContiene: SOIA, GLUTINE,<\/p>\n","protected":false},"excerpt":{"rendered":"<p>La nostra Salsa BBQ all&#8217;Aglio Nero \u00e8 la combinazione perfetta di umami saporito, pomodoro fruttato e una sottile nota affumicata. L&#8217;aggiunta di aglio nero fermentato conferisce alla salsa il suo inconfondibile sapore dolce e delicato, con un aroma intenso. Che sia per il barbecue, come marinata per carne, pesce o verdure o semplicemente come intingolo,&#8230;<\/p>\n","protected":false},"featured_media":4789,"comment_status":"open","ping_status":"closed","template":"","meta":{"_acf_changed":false,"_kad_blocks_custom_css":"","_kad_blocks_head_custom_js":"","_kad_blocks_body_custom_js":"","_kad_blocks_footer_custom_js":"","_kadence_starter_templates_imported_post":false,"_kad_post_transparent":"","_kad_post_title":"","_kad_post_layout":"","_kad_post_sidebar_id":"","_kad_post_content_style":"","_kad_post_vertical_padding":"","_kad_post_feature":"","_kad_post_feature_position":"","_kad_post_header":false,"_kad_post_footer":false},"product_brand":[],"product_cat":[179,393],"product_tag":[156,176,177],"class_list":{"0":"post-1263","1":"product","2":"type-product","3":"status-publish","4":"has-post-thumbnail","6":"product_cat-aglio-nero-e-spezie","7":"product_cat-salse-di-base","8":"product_tag-acquista","9":"product_tag-aglio-nero","10":"product_tag-bbq-it","12":"first","13":"instock","14":"taxable","15":"shipping-taxable","16":"purchasable","17":"product-type-simple","18":"entry","19":"content-bg","20":"loop-entry"},"supplier_id":4479,"supplier_sku":"","barcode":null,"atum_controlled":true,"out_stock_date":null,"out_stock_threshold":null,"inheritable":false,"inbound_stock":0,"stock_on_hold":0,"sold_today":0,"sales_last_days":0,"reserved_stock":0,"customer_returns":0,"warehouse_damage":0,"lost_in_post":0,"other_logs":0,"out_stock_days":0,"lost_sales":0,"has_location":false,"update_date":"2026-04-06T00:06:17","atum_locations":[],"atum_stock_status":"instock","restock_status":false,"low_stock_amount":"","sales_update_date":"2026-04-06T00:06:17","calc_backorders":null,"acf":[],"taxonomy_info":{"product_cat":[{"value":179,"label":"Aglio nero e spezie"},{"value":393,"label":"Salse di base"}],"product_tag":[{"value":156,"label":"Acquista"},{"value":176,"label":"aglio nero"},{"value":177,"label":"BBQ"}]},"featured_image_src_large":["https:\/\/conditoferments.com\/wp-content\/uploads\/2025\/08\/bbq-1024x1024.png",1024,1024,true],"author_info":[],"comment_info":0,"jetpack_sharing_enabled":true,"batches":[{"id":"16","date_created":"2026-03-18 09:40:57","date_expiry":"2026-11-18 00:00:00","user_id":"1","batch_number":"260302","location":"","quantity":"18.0000","quantity_available":"18.0000","units":"1","status":"active","order_ids":null}],"_links":{"self":[{"href":"https:\/\/conditoferments.com\/it\/wp-json\/wp\/v2\/product\/1263","targetHints":{"allow":["GET"]}}],"collection":[{"href":"https:\/\/conditoferments.com\/it\/wp-json\/wp\/v2\/product"}],"about":[{"href":"https:\/\/conditoferments.com\/it\/wp-json\/wp\/v2\/types\/product"}],"replies":[{"embeddable":true,"href":"https:\/\/conditoferments.com\/it\/wp-json\/wp\/v2\/comments?post=1263"}],"wp:featuredmedia":[{"embeddable":true,"href":"https:\/\/conditoferments.com\/it\/wp-json\/wp\/v2\/media\/4789"}],"wp:attachment":[{"href":"https:\/\/conditoferments.com\/it\/wp-json\/wp\/v2\/media?parent=1263"}],"wp:term":[{"taxonomy":"product_brand","embeddable":true,"href":"https:\/\/conditoferments.com\/it\/wp-json\/wp\/v2\/product_brand?post=1263"},{"taxonomy":"product_cat","embeddable":true,"href":"https:\/\/conditoferments.com\/it\/wp-json\/wp\/v2\/product_cat?post=1263"},{"taxonomy":"product_tag","embeddable":true,"href":"https:\/\/conditoferments.com\/it\/wp-json\/wp\/v2\/product_tag?post=1263"}],"curies":[{"name":"wp","href":"https:\/\/api.w.org\/{rel}","templated":true}]}}