{"id":1266,"date":"2025-08-29T10:43:31","date_gmt":"2025-08-29T08:43:31","guid":{"rendered":"https:\/\/conditoferments.com\/?post_type=product&#038;p=1266"},"modified":"2026-03-18T15:41:25","modified_gmt":"2026-03-18T14:41:25","slug":"salsa-bbq-allaglio-nero-240ml-kopie","status":"publish","type":"product","link":"https:\/\/conditoferments.com\/it\/produkt\/salsa-bbq-allaglio-nero-240ml-kopie\/","title":{"rendered":"Pasta di aglio nero 100g"},"content":{"rendered":"<p data-start=\"461\" data-end=\"499\">La nostra pasta di aglio nero \u00e8 la combinazione perfetta di intensit\u00e0, profondit\u00e0 e dolcezza. La fermentazione trasforma l&#8217;aglio fresco in una pasta cremosa e nera dall&#8217;inconfondibile sapore umami e con una raffinata nota balsamica, senza la tipica piccantezza dell&#8217;aglio crudo. Con la sua consistenza vellutata, la nostra Pasta di Aglio Nero \u00e8 particolarmente facile da dosare e conferisce a ogni piatto una straordinaria profondit\u00e0, adatta anche come crema spalmabile o salsa.  <\/p>\n<p><strong>Uso:<\/strong> per marinate, condimenti, per intensificare zuppe, salse, piatti di carne, piatti di pesce, risotti, pasta e altro ancora.<\/p>\n<p>Aglio italiano fermentato. Aglio BIO fermentato per 60 giorni<br \/>\nAglio italiano fermentato BIO per 60 giorni <\/p>\n<p><strong>Ingredienti<\/strong>: Aglio 100%<\/p>\n<p><strong>Valori nutrizionali medi per 100 g \/ Valori nutrizionali medi per 100 g:<\/strong><br \/>\nEnergia\/Energy: 160 kJ \/ 38 kcal<br \/>\nGrassi\/Fat: 0,4 g<br \/>\nDi cui acidi grassi saturi \/ di cui acidi grassi saturi: 0,1 g<br \/>\nCarboidrati: 7,7 g<br \/>\nDi cui zuccheri: 7,5 g<br \/>\nProteine\/proteine: 0,8 g<br \/>\nSale: 6,2 g<\/p>\n<p><strong>Conservazione:<\/strong><br \/>\nConservare in frigorifero dopo l&#8217;apertura. Pu\u00f2 essere conservato per anni se conservato correttamente.  Dopo l&#8217;apertura conserva in frigorifero. Se conservato correttamente, si mantiene per anni.<br \/>\nVasetto: GL 70 -Vetro &#8211; Capsula: ALU 41 &#8211; Metallo &#8211; Raccolta differenziata &#8211; verifica le disposizioni del proprio Comune.<br \/>\nProdotto da\/prodotto da: Soelva SRLS, Via Crispi 37, 39100 Bolzano-Bozen, www.conditoferments.com<br \/>\n<strong>Contenuto \/ Contenuto:<\/strong> 100 g \u212e<\/p>\n<p>&nbsp;<\/p>\n","protected":false},"excerpt":{"rendered":"<p>La nostra pasta di aglio nero \u00e8 la combinazione perfetta di intensit\u00e0, profondit\u00e0 e dolcezza. La fermentazione trasforma l&#8217;aglio fresco in una pasta cremosa e nera dall&#8217;inconfondibile sapore umami e con una raffinata nota balsamica, senza la tipica piccantezza dell&#8217;aglio crudo. Con la sua consistenza vellutata, la nostra Pasta di Aglio Nero \u00e8 particolarmente facile&#8230;<\/p>\n","protected":false},"featured_media":4840,"comment_status":"open","ping_status":"closed","template":"","meta":{"_acf_changed":false,"_kad_blocks_custom_css":"","_kad_blocks_head_custom_js":"","_kad_blocks_body_custom_js":"","_kad_blocks_footer_custom_js":"","_kadence_starter_templates_imported_post":false,"_kad_post_transparent":"default","_kad_post_title":"","_kad_post_layout":"default","_kad_post_sidebar_id":"","_kad_post_content_style":"default","_kad_post_vertical_padding":"default","_kad_post_feature":"","_kad_post_feature_position":"","_kad_post_header":false,"_kad_post_footer":false},"product_brand":[],"product_cat":[179],"product_tag":[156,176,182],"class_list":{"0":"post-1266","1":"product","2":"type-product","3":"status-publish","4":"has-post-thumbnail","6":"product_cat-aglio-nero-e-spezie","7":"product_tag-acquista","8":"product_tag-aglio-nero","9":"product_tag-pasta-it","11":"first","12":"instock","13":"taxable","14":"shipping-taxable","15":"purchasable","16":"product-type-simple","17":"entry","18":"content-bg","19":"loop-entry"},"supplier_id":4479,"supplier_sku":"","barcode":null,"atum_controlled":true,"out_stock_date":null,"out_stock_threshold":null,"inheritable":false,"inbound_stock":0,"stock_on_hold":1,"sold_today":0,"sales_last_days":0,"reserved_stock":0,"customer_returns":0,"warehouse_damage":0,"lost_in_post":0,"other_logs":0,"out_stock_days":0,"lost_sales":0,"has_location":false,"update_date":"2026-04-11T00:14:36","atum_locations":[],"atum_stock_status":"instock","restock_status":false,"low_stock_amount":"","sales_update_date":"2026-04-11T00:14:36","calc_backorders":null,"acf":[],"taxonomy_info":{"product_cat":[{"value":179,"label":"Aglio nero e spezie"}],"product_tag":[{"value":156,"label":"Acquista"},{"value":176,"label":"aglio nero"},{"value":182,"label":"pasta"}]},"featured_image_src_large":["https:\/\/conditoferments.com\/wp-content\/uploads\/2025\/08\/black-garlic-1.png",883,883,false],"author_info":[],"comment_info":0,"batches":[{"id":"27","date_created":"2026-03-18 14:35:59","date_expiry":"2027-01-31 00:00:00","user_id":"1","batch_number":"260318","location":"","quantity":"55.0000","quantity_available":"55.0000","units":"1","status":"active","order_ids":null}],"_links":{"self":[{"href":"https:\/\/conditoferments.com\/it\/wp-json\/wp\/v2\/product\/1266","targetHints":{"allow":["GET"]}}],"collection":[{"href":"https:\/\/conditoferments.com\/it\/wp-json\/wp\/v2\/product"}],"about":[{"href":"https:\/\/conditoferments.com\/it\/wp-json\/wp\/v2\/types\/product"}],"replies":[{"embeddable":true,"href":"https:\/\/conditoferments.com\/it\/wp-json\/wp\/v2\/comments?post=1266"}],"wp:featuredmedia":[{"embeddable":true,"href":"https:\/\/conditoferments.com\/it\/wp-json\/wp\/v2\/media\/4840"}],"wp:attachment":[{"href":"https:\/\/conditoferments.com\/it\/wp-json\/wp\/v2\/media?parent=1266"}],"wp:term":[{"taxonomy":"product_brand","embeddable":true,"href":"https:\/\/conditoferments.com\/it\/wp-json\/wp\/v2\/product_brand?post=1266"},{"taxonomy":"product_cat","embeddable":true,"href":"https:\/\/conditoferments.com\/it\/wp-json\/wp\/v2\/product_cat?post=1266"},{"taxonomy":"product_tag","embeddable":true,"href":"https:\/\/conditoferments.com\/it\/wp-json\/wp\/v2\/product_tag?post=1266"}],"curies":[{"name":"wp","href":"https:\/\/api.w.org\/{rel}","templated":true}]}}