{"id":1281,"date":"2025-08-29T11:32:18","date_gmt":"2025-08-29T09:32:18","guid":{"rendered":"https:\/\/conditoferments.com\/?post_type=product&#038;p=1281"},"modified":"2026-03-18T14:52:55","modified_gmt":"2026-03-18T13:52:55","slug":"kimchi-rosso-250g-kopie","status":"publish","type":"product","link":"https:\/\/conditoferments.com\/it\/produkt\/kimchi-rosso-250g-kopie\/","title":{"rendered":"Limoni salati &#8211; limoni fermentati 200g"},"content":{"rendered":"<p><strong>Limoni salati \/ Limoni al sale<\/strong><br \/>\nPasta di condimento fermentata a base di lenticchie biologiche. Pasta fermentata a base di lenticchie biologiche.<br \/>\n<strong>Utilizzo:<\/strong><br \/>\nPer marinate, condimenti, zuppe, salse, dessert, piatti di carne, pesce e cucina vegana.<br \/>\nPer marinate, condimenti, zuppe, salse, dessert, piatti di carne, pesce e cucina vegana.<br \/>\n<strong>Ingredienti:<\/strong><br \/>\nlimoni* (90%), sale naturale (6%). Acqua<br \/>\nLimoni* (45%), acqua, sale naturale (6%).<br \/>\n(*da agricoltura biologica certificata \/ da agricoltura biologica) <\/p>\n<p>N\u00e4hrwerte pro 100 g (\u00d8, gesch\u00e4tzt) \/ Valori nutrizionali medi per 100 g (stima):<br \/>\nEnergie \/ Energia: ca. 38 kcal (160 kJ)<br \/>\nFett \/ Grassi: 0,4 g<br \/>\n&#8211; davon ges. Fetts\u00e4uren \/ di cui saturi: 0,1 g<br \/>\nCarboidrati \/ Carboidrati: 7,7 g<br \/>\n&#8211; davon Zucker \/ di cui zuccheri: 7,5 g<br \/>\nEiwei\u00df \/ Proteine: 0,8g<br \/>\nSalz \/ Sale: 6,2 g <\/p>\n<p><strong>Conservazione:<\/strong><br \/>\nConservare in frigorifero dopo l&#8217;apertura. Pu\u00f2 essere conservato per anni se conservato correttamente.  Dopo l&#8217;apertura conserva in frigorifero. Se conservato correttamente, si mantiene per anni.<br \/>\nVasetto: GL 70 -Vetro &#8211; Capsula: ALU 41 &#8211; Metallo &#8211; Raccolta differenziata &#8211; verificare le disposizioni del proprio Comune.<br \/>\n<strong>Contenuto \/ Contenuto:<\/strong> 200 g \u212e<\/p>\n","protected":false},"excerpt":{"rendered":"<p>Limoni salati \/ Limoni al sale Pasta di condimento fermentata a base di lenticchie biologiche. Pasta fermentata a base di lenticchie biologiche. Utilizzo: Per marinate, condimenti, zuppe, salse, dessert, piatti di carne, pesce e cucina vegana. Per marinate, condimenti, zuppe, salse, dessert, piatti di carne, pesce e cucina vegana. Ingredienti: limoni* (90%), sale naturale (6%)&#8230;.<\/p>\n","protected":false},"featured_media":4834,"comment_status":"open","ping_status":"closed","template":"","meta":{"_acf_changed":false,"_kad_blocks_custom_css":"","_kad_blocks_head_custom_js":"","_kad_blocks_body_custom_js":"","_kad_blocks_footer_custom_js":"","_kadence_starter_templates_imported_post":false,"_kad_post_transparent":"default","_kad_post_title":"","_kad_post_layout":"default","_kad_post_sidebar_id":"","_kad_post_content_style":"default","_kad_post_vertical_padding":"default","_kad_post_feature":"","_kad_post_feature_position":"","_kad_post_header":false,"_kad_post_footer":false},"product_brand":[],"product_cat":[179],"product_tag":[156,176,177,195,188,194,182,189],"class_list":{"0":"post-1281","1":"product","2":"type-product","3":"status-publish","4":"has-post-thumbnail","6":"product_cat-aglio-nero-e-spezie","7":"product_tag-acquista","8":"product_tag-aglio-nero","9":"product_tag-bbq-it","10":"product_tag-fermentato","11":"product_tag-kimchi-it","12":"product_tag-limoni-salati","13":"product_tag-pasta-it","14":"product_tag-verdure","16":"first","17":"instock","18":"taxable","19":"shipping-taxable","20":"purchasable","21":"product-type-simple","22":"entry","23":"content-bg","24":"loop-entry"},"supplier_id":4479,"supplier_sku":"","barcode":null,"atum_controlled":true,"out_stock_date":null,"out_stock_threshold":null,"inheritable":false,"inbound_stock":0,"stock_on_hold":5,"sold_today":0,"sales_last_days":0,"reserved_stock":0,"customer_returns":0,"warehouse_damage":0,"lost_in_post":0,"other_logs":0,"out_stock_days":0,"lost_sales":0,"has_location":false,"update_date":"2026-04-16T00:15:40","atum_locations":[],"atum_stock_status":"instock","restock_status":false,"low_stock_amount":"","sales_update_date":"2026-04-16T00:15:40","calc_backorders":null,"acf":[],"taxonomy_info":{"product_cat":[{"value":179,"label":"Aglio nero e spezie"}],"product_tag":[{"value":156,"label":"Acquista"},{"value":176,"label":"aglio nero"},{"value":177,"label":"BBQ"},{"value":195,"label":"fermentato"},{"value":188,"label":"kimchi"},{"value":194,"label":"Limoni salati"},{"value":182,"label":"pasta"},{"value":189,"label":"verdure"}]},"featured_image_src_large":["https:\/\/conditoferments.com\/wp-content\/uploads\/2025\/08\/zitrone-1024x1024.png",1024,1024,true],"author_info":[],"comment_info":0,"batches":[{"id":"23","date_created":"2026-03-18 13:42:10","date_expiry":"2027-01-19 00:00:00","user_id":"1","batch_number":"260318","location":"","quantity":"45.0000","quantity_available":"42.0000","units":"1","status":"active","order_ids":"[4910,5461]"}],"_links":{"self":[{"href":"https:\/\/conditoferments.com\/it\/wp-json\/wp\/v2\/product\/1281","targetHints":{"allow":["GET"]}}],"collection":[{"href":"https:\/\/conditoferments.com\/it\/wp-json\/wp\/v2\/product"}],"about":[{"href":"https:\/\/conditoferments.com\/it\/wp-json\/wp\/v2\/types\/product"}],"replies":[{"embeddable":true,"href":"https:\/\/conditoferments.com\/it\/wp-json\/wp\/v2\/comments?post=1281"}],"wp:featuredmedia":[{"embeddable":true,"href":"https:\/\/conditoferments.com\/it\/wp-json\/wp\/v2\/media\/4834"}],"wp:attachment":[{"href":"https:\/\/conditoferments.com\/it\/wp-json\/wp\/v2\/media?parent=1281"}],"wp:term":[{"taxonomy":"product_brand","embeddable":true,"href":"https:\/\/conditoferments.com\/it\/wp-json\/wp\/v2\/product_brand?post=1281"},{"taxonomy":"product_cat","embeddable":true,"href":"https:\/\/conditoferments.com\/it\/wp-json\/wp\/v2\/product_cat?post=1281"},{"taxonomy":"product_tag","embeddable":true,"href":"https:\/\/conditoferments.com\/it\/wp-json\/wp\/v2\/product_tag?post=1281"}],"curies":[{"name":"wp","href":"https:\/\/api.w.org\/{rel}","templated":true}]}}