{"id":1642,"date":"2025-09-04T14:55:29","date_gmt":"2025-09-04T12:55:29","guid":{"rendered":"https:\/\/conditoferments.com\/?post_type=product&#038;p=1642"},"modified":"2026-03-30T15:46:37","modified_gmt":"2026-03-30T13:46:37","slug":"aceto-balsamico-agro-di-mosto-in-bombola-da-5l-kopie-2","status":"publish","type":"product","link":"https:\/\/conditoferments.com\/it\/produkt\/aceto-balsamico-agro-di-mosto-in-bombola-da-5l-kopie-2\/","title":{"rendered":"Aceto Balsamico &#8220;Agro di Mosto&#8221; 250ml"},"content":{"rendered":"<p data-start=\"202\" data-end=\"587\">Il nostro <strong data-start=\"228\" data-end=\"255\">Balsamico Agro di Mosto<\/strong> \u00e8 prodotto secondo il metodo tradizionale a partire da mosto d&#8217;uva cotto. Colpisce per il suo equilibrio tra dolcezza e acidit\u00e0, che lo rende versatile in cucina. Grazie al suo sapore intenso e alla sua naturale profondit\u00e0, \u00e8 la scelta perfetta per la gastronomia, il catering e gli chef amatoriali pi\u00f9 ambiziosi.  <\/p>\n<p data-start=\"701\" data-end=\"722\"><strong data-start=\"701\" data-end=\"720\">Caratteristiche speciali:<\/strong><\/p>\n<ul data-start=\"723\" data-end=\"946\">\n<li data-start=\"723\" data-end=\"767\">\n<p data-start=\"725\" data-end=\"767\">a base di mosto d&#8217;uva ridotto<\/p>\n<\/li>\n<li data-start=\"768\" data-end=\"809\">\n<p data-start=\"770\" data-end=\"809\">Corposa, equilibrata e aromatica<\/p>\n<\/li>\n<li data-start=\"810\" data-end=\"887\">\n<p data-start=\"812\" data-end=\"887\">Versatile: per condimenti, marinate, carne, verdure e formaggi<\/p>\n<\/li>\n<\/ul>\n<hr data-start=\"948\" data-end=\"951\">\n<p data-start=\"953\" data-end=\"967\"><strong data-start=\"953\" data-end=\"965\">Ingredienti:<\/strong><\/p>\n<ul data-start=\"968\" data-end=\"993\">\n<li data-start=\"968\" data-end=\"993\">\n<p data-start=\"970\" data-end=\"993\">Mosto d&#8217;uva cotto<\/p>\n<\/li>\n<li data-start=\"968\" data-end=\"993\">\n<p data-start=\"970\" data-end=\"993\">Contiene: <strong data-start=\"1006\" data-end=\"1017\">Solfiti<\/strong> (naturalmente provenienti dall&#8217;uva).<\/p>\n<\/li>\n<\/ul>\n<hr data-start=\"1049\" data-end=\"1052\">\n<p data-start=\"1054\" data-end=\"1100\"><strong data-start=\"1054\" data-end=\"1098\">Valori nutrizionali per 100 ml (media):<\/strong><\/p>\n<ul data-start=\"1101\" data-end=\"1270\">\n<li data-start=\"1101\" data-end=\"1135\">\n<p data-start=\"1103\" data-end=\"1135\">Energia: circa 900 kJ \/ 215 kcal<\/p>\n<\/li>\n<li data-start=\"1136\" data-end=\"1188\">\n<p data-start=\"1138\" data-end=\"1149\">Grassi: 0 g<\/p>\n<p>di cui acidi grassi saturi: 0 g<\/li>\n<li data-start=\"1189\" data-end=\"1237\">\n<p data-start=\"1191\" data-end=\"1212\">Carboidrati: 52 g<\/p>\n<p>zucchero di canna: 50 g<\/li>\n<li data-start=\"1238\" data-end=\"1253\">\n<p data-start=\"1240\" data-end=\"1253\">Proteine: 1 g<\/p>\n<\/li>\n<li data-start=\"1254\" data-end=\"1270\">\n<p data-start=\"1256\" data-end=\"1270\">Sale: 0,05 g<\/p>\n<\/li>\n<\/ul>\n","protected":false},"excerpt":{"rendered":"<p>Il nostro Balsamico Agro di Mosto \u00e8 prodotto secondo il metodo tradizionale a partire da mosto d&#8217;uva cotto. Colpisce per il suo equilibrio tra dolcezza e acidit\u00e0, che lo rende versatile in cucina. Grazie al suo sapore intenso e alla sua naturale profondit\u00e0, \u00e8 la scelta perfetta per la gastronomia, il catering e gli chef&#8230;<\/p>\n","protected":false},"featured_media":1653,"comment_status":"open","ping_status":"closed","template":"","meta":{"_acf_changed":false,"_kad_blocks_custom_css":"","_kad_blocks_head_custom_js":"","_kad_blocks_body_custom_js":"","_kad_blocks_footer_custom_js":"","_kadence_starter_templates_imported_post":false,"_kad_post_transparent":"default","_kad_post_title":"","_kad_post_layout":"default","_kad_post_sidebar_id":"","_kad_post_content_style":"default","_kad_post_vertical_padding":"default","_kad_post_feature":"","_kad_post_feature_position":"","_kad_post_header":false,"_kad_post_footer":false},"product_brand":[],"product_cat":[265],"product_tag":[274,266,273,156],"class_list":{"0":"post-1642","1":"product","2":"type-product","3":"status-publish","4":"has-post-thumbnail","6":"product_cat-aceto","7":"product_tag-aceto-it","8":"product_tag-aceto","9":"product_tag-aceto-balsamico","10":"product_tag-acquista","12":"first","13":"instock","14":"taxable","15":"shipping-taxable","16":"purchasable","17":"product-type-simple","18":"entry","19":"content-bg","20":"loop-entry"},"supplier_id":4876,"supplier_sku":"1640","barcode":null,"atum_controlled":true,"out_stock_date":null,"out_stock_threshold":null,"inheritable":false,"inbound_stock":0,"stock_on_hold":0,"sold_today":0,"sales_last_days":0,"reserved_stock":0,"customer_returns":0,"warehouse_damage":0,"lost_in_post":0,"other_logs":0,"out_stock_days":0,"lost_sales":0,"has_location":false,"update_date":"2026-04-07T00:10:34","atum_locations":[],"atum_stock_status":"instock","restock_status":false,"low_stock_amount":"","sales_update_date":"2026-04-07T00:10:34","calc_backorders":null,"acf":[],"taxonomy_info":{"product_cat":[{"value":265,"label":"Aceto"}],"product_tag":[{"value":274,"label":"Aceto"},{"value":266,"label":"Aceto"},{"value":273,"label":"aceto balsamico"},{"value":156,"label":"Acquista"}]},"featured_image_src_large":["https:\/\/conditoferments.com\/wp-content\/uploads\/2025\/09\/Design-ohne-Titel-27.png",810,810,false],"author_info":[],"comment_info":0,"jetpack_sharing_enabled":true,"batches":[],"_links":{"self":[{"href":"https:\/\/conditoferments.com\/it\/wp-json\/wp\/v2\/product\/1642","targetHints":{"allow":["GET"]}}],"collection":[{"href":"https:\/\/conditoferments.com\/it\/wp-json\/wp\/v2\/product"}],"about":[{"href":"https:\/\/conditoferments.com\/it\/wp-json\/wp\/v2\/types\/product"}],"replies":[{"embeddable":true,"href":"https:\/\/conditoferments.com\/it\/wp-json\/wp\/v2\/comments?post=1642"}],"wp:featuredmedia":[{"embeddable":true,"href":"https:\/\/conditoferments.com\/it\/wp-json\/wp\/v2\/media\/1653"}],"wp:attachment":[{"href":"https:\/\/conditoferments.com\/it\/wp-json\/wp\/v2\/media?parent=1642"}],"wp:term":[{"taxonomy":"product_brand","embeddable":true,"href":"https:\/\/conditoferments.com\/it\/wp-json\/wp\/v2\/product_brand?post=1642"},{"taxonomy":"product_cat","embeddable":true,"href":"https:\/\/conditoferments.com\/it\/wp-json\/wp\/v2\/product_cat?post=1642"},{"taxonomy":"product_tag","embeddable":true,"href":"https:\/\/conditoferments.com\/it\/wp-json\/wp\/v2\/product_tag?post=1642"}],"curies":[{"name":"wp","href":"https:\/\/api.w.org\/{rel}","templated":true}]}}