{"id":1984,"date":"2025-11-05T13:24:54","date_gmt":"2025-11-05T12:24:54","guid":{"rendered":"https:\/\/conditoferments.com\/produkt\/pasta-fatta-a-mano-con-foglie-di-olivo-500-g\/"},"modified":"2026-03-30T15:34:05","modified_gmt":"2026-03-30T13:34:05","slug":"pasta-fatta-a-mano-con-foglie-di-olivo-500-g","status":"publish","type":"product","link":"https:\/\/conditoferments.com\/it\/produkt\/pasta-fatta-a-mano-con-foglie-di-olivo-500-g\/","title":{"rendered":"Foglie d&#8217;ulivo &#8211; Pasta fatta a mano con foglie d&#8217;ulivo, 500 g"},"content":{"rendered":"<p>La tipica pasta fatta a mano, con un&#8217;eccellente stabilit\u00e0 di cottura.<br \/>\nLa tradizione della pasta fatta a mano, come quella delle nonne pugliesi, incontra i pi\u00f9 moderni metodi di produzione. Il risultato \u00e8 una pasta artigianale realizzata con i migliori ingredienti che ti riporter\u00e0 indietro nel tempo. L&#8217;ingrediente ideale per le ricette tradizionali della nostra regione.  <\/p>\n","protected":false},"excerpt":{"rendered":"<p>La tipica pasta fatta a mano, con un&#8217;eccellente stabilit\u00e0 di cottura. La tradizione della pasta fatta a mano, come quella delle nonne pugliesi, incontra i pi\u00f9 moderni metodi di produzione. Il risultato \u00e8 una pasta artigianale realizzata con i migliori ingredienti che ti riporter\u00e0 indietro nel tempo. L&#8217;ingrediente ideale per le ricette tradizionali della nostra&#8230;<\/p>\n","protected":false},"featured_media":1982,"comment_status":"open","ping_status":"closed","template":"","meta":{"_acf_changed":false,"_kad_blocks_custom_css":"","_kad_blocks_head_custom_js":"","_kad_blocks_body_custom_js":"","_kad_blocks_footer_custom_js":"","_kadence_starter_templates_imported_post":false,"_kad_post_transparent":"","_kad_post_title":"","_kad_post_layout":"","_kad_post_sidebar_id":"","_kad_post_content_style":"","_kad_post_vertical_padding":"","_kad_post_feature":"","_kad_post_feature_position":"","_kad_post_header":false,"_kad_post_footer":false},"product_brand":[316],"product_cat":[96],"product_tag":[],"class_list":{"0":"post-1984","1":"product","2":"type-product","3":"status-publish","4":"has-post-thumbnail","6":"product_brand-frantoio-dorazio","7":"product_cat-pasta-it","9":"first","10":"instock","11":"taxable","12":"shipping-taxable","13":"purchasable","14":"product-type-simple","15":"entry","16":"content-bg","17":"loop-entry"},"supplier_id":4464,"supplier_sku":"H10","barcode":"8032584260688","atum_controlled":true,"out_stock_date":null,"out_stock_threshold":null,"inheritable":false,"inbound_stock":0,"stock_on_hold":0,"sold_today":0,"sales_last_days":0,"reserved_stock":0,"customer_returns":0,"warehouse_damage":0,"lost_in_post":0,"other_logs":0,"out_stock_days":0,"lost_sales":0,"has_location":false,"update_date":"2026-04-11T13:12:42","atum_locations":[],"atum_stock_status":"instock","restock_status":false,"low_stock_amount":"","sales_update_date":"2026-04-11T13:12:42","calc_backorders":null,"acf":[],"taxonomy_info":{"product_brand":[{"value":316,"label":"Frantoio d`orazio"}],"product_cat":[{"value":96,"label":"Pasta"}]},"featured_image_src_large":["https:\/\/conditoferments.com\/wp-content\/uploads\/2025\/11\/foglie-d-ulivo-pasta-artiganale-500-gr.webp",800,800,false],"author_info":[],"comment_info":0,"batches":[],"_links":{"self":[{"href":"https:\/\/conditoferments.com\/it\/wp-json\/wp\/v2\/product\/1984","targetHints":{"allow":["GET"]}}],"collection":[{"href":"https:\/\/conditoferments.com\/it\/wp-json\/wp\/v2\/product"}],"about":[{"href":"https:\/\/conditoferments.com\/it\/wp-json\/wp\/v2\/types\/product"}],"replies":[{"embeddable":true,"href":"https:\/\/conditoferments.com\/it\/wp-json\/wp\/v2\/comments?post=1984"}],"wp:featuredmedia":[{"embeddable":true,"href":"https:\/\/conditoferments.com\/it\/wp-json\/wp\/v2\/media\/1982"}],"wp:attachment":[{"href":"https:\/\/conditoferments.com\/it\/wp-json\/wp\/v2\/media?parent=1984"}],"wp:term":[{"taxonomy":"product_brand","embeddable":true,"href":"https:\/\/conditoferments.com\/it\/wp-json\/wp\/v2\/product_brand?post=1984"},{"taxonomy":"product_cat","embeddable":true,"href":"https:\/\/conditoferments.com\/it\/wp-json\/wp\/v2\/product_cat?post=1984"},{"taxonomy":"product_tag","embeddable":true,"href":"https:\/\/conditoferments.com\/it\/wp-json\/wp\/v2\/product_tag?post=1984"}],"curies":[{"name":"wp","href":"https:\/\/api.w.org\/{rel}","templated":true}]}}