{"id":2021,"date":"2025-11-05T15:29:56","date_gmt":"2025-11-05T14:29:56","guid":{"rendered":"https:\/\/conditoferments.com\/?post_type=product&#038;p=2021"},"modified":"2025-11-05T15:37:38","modified_gmt":"2025-11-05T14:37:38","slug":"olio-extravergine-di-oliva-biologico-evo-bio-500ml-kopie","status":"publish","type":"product","link":"https:\/\/conditoferments.com\/it\/produkt\/olio-extravergine-di-oliva-biologico-evo-bio-500ml-kopie\/","title":{"rendered":"Olio extravergine di oliva biologico &#8220;Evo BIO&#8221; 3l"},"content":{"rendered":"<p>Questo olio d&#8217;oliva biologico di alta qualit\u00e0 \u00e8 prodotto in Puglia, Italia, da olive accuratamente coltivate delle variet\u00e0 Olivastro, Cima di Mola, Simona e Coratina.<br \/>\nAl naso si sprigionano fresche note di erba, carciofi e mandorle, mentre al palato si percepisce un gioco finemente equilibrato di fruttato leggero, una leggera nota amara e un&#8217;eleganza piccante.<br \/>\nIdeale per rifinire insalate, verdure, risotti, zuppe, piatti a base di carne bianca o specialit\u00e0 mediterranee.<\/p>\n","protected":false},"excerpt":{"rendered":"<p>Questo olio d&#8217;oliva biologico di alta qualit\u00e0 \u00e8 prodotto in Puglia, Italia, da olive accuratamente coltivate delle variet\u00e0 Olivastro, Cima di Mola, Simona e Coratina. Al naso si sprigionano fresche note di erba, carciofi e mandorle, mentre al palato si percepisce un gioco finemente equilibrato di fruttato leggero, una leggera nota amara e un&#8217;eleganza piccante&#8230;.<\/p>\n","protected":false},"featured_media":2024,"comment_status":"open","ping_status":"closed","template":"","meta":{"_acf_changed":false,"_kad_blocks_custom_css":"","_kad_blocks_head_custom_js":"","_kad_blocks_body_custom_js":"","_kad_blocks_footer_custom_js":"","_kadence_starter_templates_imported_post":false,"_kad_post_transparent":"default","_kad_post_title":"","_kad_post_layout":"default","_kad_post_sidebar_id":"","_kad_post_content_style":"default","_kad_post_vertical_padding":"default","_kad_post_feature":"","_kad_post_feature_position":"","_kad_post_header":false,"_kad_post_footer":false},"product_brand":[316],"product_cat":[98],"product_tag":[],"class_list":{"0":"post-2021","1":"product","2":"type-product","3":"status-publish","4":"has-post-thumbnail","6":"product_brand-frantoio-dorazio","7":"product_cat-olio","9":"first","10":"instock","11":"taxable","12":"shipping-taxable","13":"purchasable","14":"product-type-simple","15":"entry","16":"content-bg","17":"loop-entry"},"supplier_id":null,"supplier_sku":"","barcode":null,"atum_controlled":true,"out_stock_date":null,"out_stock_threshold":null,"inheritable":false,"inbound_stock":null,"stock_on_hold":0,"sold_today":0,"sales_last_days":0,"reserved_stock":null,"customer_returns":null,"warehouse_damage":null,"lost_in_post":null,"other_logs":null,"out_stock_days":0,"lost_sales":0,"has_location":null,"update_date":"2026-04-29T00:33:53","atum_locations":[],"atum_stock_status":"instock","restock_status":false,"low_stock_amount":"","sales_update_date":"2026-04-29T00:33:53","calc_backorders":null,"acf":[],"taxonomy_info":{"product_brand":[{"value":316,"label":"Frantoio d`orazio"}],"product_cat":[{"value":98,"label":"Olio"}]},"featured_image_src_large":["https:\/\/conditoferments.com\/wp-content\/uploads\/2025\/11\/Bio-Bag-in-Box.webp",700,756,false],"author_info":[],"comment_info":0,"batches":[],"_links":{"self":[{"href":"https:\/\/conditoferments.com\/it\/wp-json\/wp\/v2\/product\/2021","targetHints":{"allow":["GET"]}}],"collection":[{"href":"https:\/\/conditoferments.com\/it\/wp-json\/wp\/v2\/product"}],"about":[{"href":"https:\/\/conditoferments.com\/it\/wp-json\/wp\/v2\/types\/product"}],"replies":[{"embeddable":true,"href":"https:\/\/conditoferments.com\/it\/wp-json\/wp\/v2\/comments?post=2021"}],"wp:featuredmedia":[{"embeddable":true,"href":"https:\/\/conditoferments.com\/it\/wp-json\/wp\/v2\/media\/2024"}],"wp:attachment":[{"href":"https:\/\/conditoferments.com\/it\/wp-json\/wp\/v2\/media?parent=2021"}],"wp:term":[{"taxonomy":"product_brand","embeddable":true,"href":"https:\/\/conditoferments.com\/it\/wp-json\/wp\/v2\/product_brand?post=2021"},{"taxonomy":"product_cat","embeddable":true,"href":"https:\/\/conditoferments.com\/it\/wp-json\/wp\/v2\/product_cat?post=2021"},{"taxonomy":"product_tag","embeddable":true,"href":"https:\/\/conditoferments.com\/it\/wp-json\/wp\/v2\/product_tag?post=2021"}],"curies":[{"name":"wp","href":"https:\/\/api.w.org\/{rel}","templated":true}]}}