{"id":4974,"date":"2026-04-07T13:07:19","date_gmt":"2026-04-07T11:07:19","guid":{"rendered":"https:\/\/conditoferments.com\/produkt\/luomo-sommerso\/"},"modified":"2026-04-07T13:39:52","modified_gmt":"2026-04-07T11:39:52","slug":"luomo-sommerso","status":"publish","type":"product","link":"https:\/\/conditoferments.com\/it\/produkt\/luomo-sommerso\/","title":{"rendered":"l&#8217;infossato\/l&#8217;infossato"},"content":{"rendered":"<p>L&#8217;usanza di seppellire il formaggio \u00e8 stata tramandata per secoli come parte integrante delle tradizioni agricole della regione. L&#8217;origine di questa pratica risale alla necessit\u00e0 di nascondere il cibo dai frequenti ladri dell&#8217;epoca. Costretti ad adottare questa pratica nel tempo, si scopr\u00ec che il formaggio maturava gradualmente in questo ambiente e, durante la fase di fermentazione, i sapori dell&#8217;erba fresca del latte si fondevano con quelli della paglia secca che fungeva da imbottitura alle pareti della fossa. L&#8217;Infossato ha una forma irregolare senza crosta, con una pasta dura o semidura di colore giallo paglierino, a seconda del formaggio di partenza. Ha un sapore forte e armonioso. Il sapore \u00e8 intenso, con un aroma di latte di pecora ed erba nelle variet\u00e0 a media stagionatura e di paglia secca e nocciole tostate nelle variet\u00e0 a lunga stagionatura.     <\/p>\n<p>&nbsp;<\/p>\n<p>L&#8217;uso di seppellire il formaggio \u00e8 stato rintracciato nel corso dei secoli come parte integrante delle usanze tradizionali del paese. L&#8217;origine di questa pratica deriva dal desiderio di eliminare il cibo dal brigantaggio frequente in quell&#8217;epoca. Il motivo di questa tendenza a far passare il tempo \u00e8 che la muffa in questo ambiente aveva una maturazione graduale e, durante la sua fase di fermentazione, era in grado di dosare gli aromi della terra fresca presente nel latte, con quelli della paglia fresca presente sulla superficie della fossa. L&#8217;Infossato si presenta in forme irregolari, prive di crosta, dalla pasta di consistenza dura o semidura a seconda del formaggio di partenza, di colore giallo paglierino. Ha un sapore deciso ed armonico. L&#8217;odore \u00e8 intenso, di latte di pecora ed erbaceo in quelli a media stagionatura, di paglia secca e nocciola tostata in quelli di lunga.     <\/p>\n","protected":false},"excerpt":{"rendered":"<p>L&#8217;usanza di seppellire il formaggio \u00e8 stata tramandata per secoli come parte integrante delle tradizioni agricole della regione. L&#8217;origine di questa pratica risale alla necessit\u00e0 di nascondere il cibo dai frequenti ladri dell&#8217;epoca. Costretti ad adottare questa pratica nel tempo, si scopr\u00ec che il formaggio maturava gradualmente in questo ambiente e, durante la fase di&#8230;<\/p>\n","protected":false},"featured_media":4975,"comment_status":"open","ping_status":"closed","template":"","meta":{"_acf_changed":false,"_kad_blocks_custom_css":"","_kad_blocks_head_custom_js":"","_kad_blocks_body_custom_js":"","_kad_blocks_footer_custom_js":"","_kadence_starter_templates_imported_post":false,"_kad_post_transparent":"","_kad_post_title":"","_kad_post_layout":"","_kad_post_sidebar_id":"","_kad_post_content_style":"","_kad_post_vertical_padding":"","_kad_post_feature":"","_kad_post_feature_position":"","_kad_post_header":false,"_kad_post_footer":false},"product_brand":[],"product_cat":[256],"product_tag":[],"class_list":{"0":"post-4974","1":"product","2":"type-product","3":"status-publish","4":"has-post-thumbnail","6":"product_cat-formaggio","8":"first","9":"instock","10":"taxable","11":"shipping-taxable","12":"purchasable","13":"product-type-simple","14":"entry","15":"content-bg","16":"loop-entry"},"supplier_id":null,"supplier_sku":"","barcode":null,"atum_controlled":true,"out_stock_date":null,"out_stock_threshold":null,"inheritable":false,"inbound_stock":0,"stock_on_hold":0,"sold_today":0,"sales_last_days":0,"reserved_stock":0,"customer_returns":0,"warehouse_damage":0,"lost_in_post":0,"other_logs":0,"out_stock_days":0,"lost_sales":0,"has_location":false,"update_date":"2026-04-12T00:14:55","atum_locations":[],"atum_stock_status":"instock","restock_status":false,"low_stock_amount":"","sales_update_date":"2026-04-12T00:14:55","calc_backorders":null,"acf":[],"taxonomy_info":{"product_cat":[{"value":256,"label":"Formaggio"}]},"featured_image_src_large":["https:\/\/conditoferments.com\/wp-content\/uploads\/2026\/04\/infossato_formaggio-stagionato_-casa-madaio.jpg",800,800,false],"author_info":[],"comment_info":0,"batches":[],"_links":{"self":[{"href":"https:\/\/conditoferments.com\/it\/wp-json\/wp\/v2\/product\/4974","targetHints":{"allow":["GET"]}}],"collection":[{"href":"https:\/\/conditoferments.com\/it\/wp-json\/wp\/v2\/product"}],"about":[{"href":"https:\/\/conditoferments.com\/it\/wp-json\/wp\/v2\/types\/product"}],"replies":[{"embeddable":true,"href":"https:\/\/conditoferments.com\/it\/wp-json\/wp\/v2\/comments?post=4974"}],"wp:featuredmedia":[{"embeddable":true,"href":"https:\/\/conditoferments.com\/it\/wp-json\/wp\/v2\/media\/4975"}],"wp:attachment":[{"href":"https:\/\/conditoferments.com\/it\/wp-json\/wp\/v2\/media?parent=4974"}],"wp:term":[{"taxonomy":"product_brand","embeddable":true,"href":"https:\/\/conditoferments.com\/it\/wp-json\/wp\/v2\/product_brand?post=4974"},{"taxonomy":"product_cat","embeddable":true,"href":"https:\/\/conditoferments.com\/it\/wp-json\/wp\/v2\/product_cat?post=4974"},{"taxonomy":"product_tag","embeddable":true,"href":"https:\/\/conditoferments.com\/it\/wp-json\/wp\/v2\/product_tag?post=4974"}],"curies":[{"name":"wp","href":"https:\/\/api.w.org\/{rel}","templated":true}]}}