{"id":5026,"date":"2026-04-07T13:35:14","date_gmt":"2026-04-07T11:35:14","guid":{"rendered":"https:\/\/conditoferments.com\/produkt\/il-mastorazio\/"},"modified":"2026-04-07T13:38:08","modified_gmt":"2026-04-07T11:38:08","slug":"il-mastorazio","status":"publish","type":"product","link":"https:\/\/conditoferments.com\/it\/produkt\/il-mastorazio\/","title":{"rendered":"il Mastorazio\/il mastorazio"},"content":{"rendered":"<p>Il Mastorazio \u00e8 un pecorino stagionato di Casa Madaio che deve la sua specialit\u00e0 all&#8217;esperienza del mastro casaro e alle condizioni climatiche delle cantine di stagionatura di Castelcivita (SA). Ha una crosta di colore marrone. La pasta \u00e8 compatta e omogenea. Il sapore \u00e8 molto intenso e le variet\u00e0 pi\u00f9 stagionate hanno un aroma di paglia secca e nocciole tostate. Il latte utilizzato proviene da piccoli allevamenti al pascolo. Il formaggio matura dagli 8 ai 12 mesi.     <\/p>\n<p>&nbsp;<\/p>\n<p>Il Mastorazio \u00e8 un pecorino stagionato da Casa Madaio che deve la sua peculiarit\u00e0 alla sapienza del mastro stagionatore e alle caratteristiche ambientali delle grotte di stagionatura di Castelcivita (SA). Si presenta con una crosta di colore bruno. L&#8217;aspetto della pasta \u00e8 compatto ed omogeneo. L&#8217;odore molto intenso, di paglia secca e noccola tostata in quelli pi\u00f9 stagionati. Il latte utlizzato proviene da piccoli allevamenti al pascolo. Il formaggio \u00e8 stagionato da 8 a 12 mesi.     <\/p>\n","protected":false},"excerpt":{"rendered":"<p><br data-mce-bogus=\"1\"><\/p>\n","protected":false},"featured_media":5028,"comment_status":"open","ping_status":"closed","template":"","meta":{"_acf_changed":false,"_kad_blocks_custom_css":"","_kad_blocks_head_custom_js":"","_kad_blocks_body_custom_js":"","_kad_blocks_footer_custom_js":"","_kadence_starter_templates_imported_post":false,"_kad_post_transparent":"","_kad_post_title":"","_kad_post_layout":"","_kad_post_sidebar_id":"","_kad_post_content_style":"","_kad_post_vertical_padding":"","_kad_post_feature":"","_kad_post_feature_position":"","_kad_post_header":false,"_kad_post_footer":false},"product_brand":[],"product_cat":[256],"product_tag":[],"class_list":{"0":"post-5026","1":"product","2":"type-product","3":"status-publish","4":"has-post-thumbnail","6":"product_cat-formaggio","8":"first","9":"instock","10":"taxable","11":"shipping-taxable","12":"purchasable","13":"product-type-simple","14":"entry","15":"content-bg","16":"loop-entry"},"supplier_id":null,"supplier_sku":"","barcode":null,"atum_controlled":true,"out_stock_date":null,"out_stock_threshold":null,"inheritable":false,"inbound_stock":0,"stock_on_hold":0,"sold_today":0,"sales_last_days":0,"reserved_stock":0,"customer_returns":0,"warehouse_damage":0,"lost_in_post":0,"other_logs":0,"out_stock_days":0,"lost_sales":0,"has_location":false,"update_date":"2026-04-10T00:14:35","atum_locations":[],"atum_stock_status":"instock","restock_status":false,"low_stock_amount":"","sales_update_date":"2026-04-10T00:14:35","calc_backorders":null,"acf":[],"taxonomy_info":{"product_cat":[{"value":256,"label":"Formaggio"}]},"featured_image_src_large":["https:\/\/conditoferments.com\/wp-content\/uploads\/2026\/04\/Mastrorazio.jpg",1024,1024,false],"author_info":[],"comment_info":0,"batches":[],"_links":{"self":[{"href":"https:\/\/conditoferments.com\/it\/wp-json\/wp\/v2\/product\/5026","targetHints":{"allow":["GET"]}}],"collection":[{"href":"https:\/\/conditoferments.com\/it\/wp-json\/wp\/v2\/product"}],"about":[{"href":"https:\/\/conditoferments.com\/it\/wp-json\/wp\/v2\/types\/product"}],"replies":[{"embeddable":true,"href":"https:\/\/conditoferments.com\/it\/wp-json\/wp\/v2\/comments?post=5026"}],"wp:featuredmedia":[{"embeddable":true,"href":"https:\/\/conditoferments.com\/it\/wp-json\/wp\/v2\/media\/5028"}],"wp:attachment":[{"href":"https:\/\/conditoferments.com\/it\/wp-json\/wp\/v2\/media?parent=5026"}],"wp:term":[{"taxonomy":"product_brand","embeddable":true,"href":"https:\/\/conditoferments.com\/it\/wp-json\/wp\/v2\/product_brand?post=5026"},{"taxonomy":"product_cat","embeddable":true,"href":"https:\/\/conditoferments.com\/it\/wp-json\/wp\/v2\/product_cat?post=5026"},{"taxonomy":"product_tag","embeddable":true,"href":"https:\/\/conditoferments.com\/it\/wp-json\/wp\/v2\/product_tag?post=5026"}],"curies":[{"name":"wp","href":"https:\/\/api.w.org\/{rel}","templated":true}]}}