{"id":5138,"date":"2026-04-10T15:41:26","date_gmt":"2026-04-10T13:41:26","guid":{"rendered":"https:\/\/conditoferments.com\/produkt\/brandzoll-eligocoffe-250g\/"},"modified":"2026-04-10T15:47:37","modified_gmt":"2026-04-10T13:47:37","slug":"brandzoll-eligocoffe-250g","status":"publish","type":"product","link":"https:\/\/conditoferments.com\/it\/produkt\/brandzoll-eligocoffe-250g\/","title":{"rendered":"Brandzoll &#8211; Eligocoffe 250g in grani"},"content":{"rendered":"<p>Brandzoll \u00e8 prodotto solo con chicchi di arabica selezionati ed \u00e8 quindi etichettato come 100% arabica.<\/p>\n<p>Nella miscela troviamo un caff\u00e8 proveniente dal Brasile, che ha alle spalle un progetto sociale. (Questo caff\u00e8 viene lavorato a secco ed \u00e8 in parte responsabile del corpo vellutato della miscela.  <\/p>\n","protected":false},"excerpt":{"rendered":"<p>Brandzoll \u00e8 prodotto solo con chicchi di arabica selezionati ed \u00e8 quindi etichettato come 100% arabica. Nella miscela troviamo un caff\u00e8 proveniente dal Brasile, che ha alle spalle un progetto sociale. (Questo caff\u00e8 viene lavorato a secco ed \u00e8 in parte responsabile del corpo vellutato della miscela.<\/p>\n","protected":false},"featured_media":5139,"comment_status":"open","ping_status":"closed","template":"","meta":{"_acf_changed":false,"_kad_blocks_custom_css":"","_kad_blocks_head_custom_js":"","_kad_blocks_body_custom_js":"","_kad_blocks_footer_custom_js":"","_kadence_starter_templates_imported_post":false,"_kad_post_transparent":"","_kad_post_title":"","_kad_post_layout":"","_kad_post_sidebar_id":"","_kad_post_content_style":"","_kad_post_vertical_padding":"","_kad_post_feature":"","_kad_post_feature_position":"","_kad_post_header":false,"_kad_post_footer":false},"product_brand":[],"product_cat":[319],"product_tag":[],"class_list":{"0":"post-5138","1":"product","2":"type-product","3":"status-publish","4":"has-post-thumbnail","6":"product_cat-caffe","8":"first","9":"instock","10":"taxable","11":"shipping-taxable","12":"purchasable","13":"product-type-simple","14":"entry","15":"content-bg","16":"loop-entry"},"supplier_id":null,"supplier_sku":"","barcode":null,"atum_controlled":true,"out_stock_date":null,"out_stock_threshold":null,"inheritable":false,"inbound_stock":null,"stock_on_hold":0,"sold_today":0,"sales_last_days":0,"reserved_stock":null,"customer_returns":null,"warehouse_damage":null,"lost_in_post":null,"other_logs":null,"out_stock_days":0,"lost_sales":0,"has_location":false,"update_date":"2026-04-11T00:14:39","atum_locations":[],"atum_stock_status":"instock","restock_status":false,"low_stock_amount":"","sales_update_date":"2026-04-11T00:14:39","calc_backorders":null,"acf":[],"taxonomy_info":{"product_cat":[{"value":319,"label":"Caff\u00e8"}]},"featured_image_src_large":["https:\/\/conditoferments.com\/wp-content\/uploads\/2026\/04\/Gollerspitz-1.webp",600,600,false],"author_info":[],"comment_info":0,"batches":[],"_links":{"self":[{"href":"https:\/\/conditoferments.com\/it\/wp-json\/wp\/v2\/product\/5138","targetHints":{"allow":["GET"]}}],"collection":[{"href":"https:\/\/conditoferments.com\/it\/wp-json\/wp\/v2\/product"}],"about":[{"href":"https:\/\/conditoferments.com\/it\/wp-json\/wp\/v2\/types\/product"}],"replies":[{"embeddable":true,"href":"https:\/\/conditoferments.com\/it\/wp-json\/wp\/v2\/comments?post=5138"}],"wp:featuredmedia":[{"embeddable":true,"href":"https:\/\/conditoferments.com\/it\/wp-json\/wp\/v2\/media\/5139"}],"wp:attachment":[{"href":"https:\/\/conditoferments.com\/it\/wp-json\/wp\/v2\/media?parent=5138"}],"wp:term":[{"taxonomy":"product_brand","embeddable":true,"href":"https:\/\/conditoferments.com\/it\/wp-json\/wp\/v2\/product_brand?post=5138"},{"taxonomy":"product_cat","embeddable":true,"href":"https:\/\/conditoferments.com\/it\/wp-json\/wp\/v2\/product_cat?post=5138"},{"taxonomy":"product_tag","embeddable":true,"href":"https:\/\/conditoferments.com\/it\/wp-json\/wp\/v2\/product_tag?post=5138"}],"curies":[{"name":"wp","href":"https:\/\/api.w.org\/{rel}","templated":true}]}}