{"id":5432,"date":"2026-04-13T10:49:27","date_gmt":"2026-04-13T08:49:27","guid":{"rendered":"https:\/\/conditoferments.com\/produkt\/sciroppo-alle-erbe-herba-butterfly-250ml\/"},"modified":"2026-04-13T10:49:27","modified_gmt":"2026-04-13T08:49:27","slug":"sciroppo-alle-erbe-herba-butterfly-250ml","status":"publish","type":"product","link":"https:\/\/conditoferments.com\/it\/produkt\/sciroppo-alle-erbe-herba-butterfly-250ml\/","title":{"rendered":"Sciroppo alle erbe Herba- Butterfly 250ml"},"content":{"rendered":"<p>Il nostro segreto sta nell&#8217;utilizzo di ingredienti puramente naturali e di altissima qualit\u00e0. Ogni bottiglia di sciroppo di fiori di pisello Herba Butterfly \u00e8 ricca delle propriet\u00e0 benefiche di erbe come salvia, timo, finocchio e anice, note da generazioni per i loro poteri curativi. Queste erbe accuratamente selezionate vengono lavorate delicatamente per garantire la conservazione di tutti i preziosi nutrienti e sapori.  <\/p>\n<p>Non utilizziamo additivi o conservanti artificiali perch\u00e9 crediamo fermamente che la natura fornisca tutto ci\u00f2 di cui abbiamo bisogno per il nostro benessere.<br \/>\nScopri il potere della natura con lo sciroppo alle erbe Herba dell&#8217;Alto Adige. Regala a te stesso e alla tua famiglia il meglio della montagna: puro, naturale e benefico. <\/p>\n","protected":false},"excerpt":{"rendered":"<p>Il nostro segreto sta nell&#8217;utilizzo di ingredienti puramente naturali e di altissima qualit\u00e0. Ogni bottiglia di sciroppo di fiori di pisello Herba Butterfly \u00e8 ricca delle propriet\u00e0 benefiche di erbe come salvia, timo, finocchio e anice, note da generazioni per i loro poteri curativi. Queste erbe accuratamente selezionate vengono lavorate delicatamente per garantire la conservazione&#8230;<\/p>\n","protected":false},"featured_media":5433,"comment_status":"open","ping_status":"closed","template":"","meta":{"_acf_changed":false,"_kad_blocks_custom_css":"","_kad_blocks_head_custom_js":"","_kad_blocks_body_custom_js":"","_kad_blocks_footer_custom_js":"","_kadence_starter_templates_imported_post":false,"_kad_post_transparent":"","_kad_post_title":"","_kad_post_layout":"","_kad_post_sidebar_id":"","_kad_post_content_style":"","_kad_post_vertical_padding":"","_kad_post_feature":"","_kad_post_feature_position":"","_kad_post_header":false,"_kad_post_footer":false},"product_brand":[],"product_cat":[104],"product_tag":[],"class_list":{"0":"post-5432","1":"product","2":"type-product","3":"status-publish","4":"has-post-thumbnail","6":"product_cat-sciroppo","8":"first","9":"instock","10":"taxable","11":"shipping-taxable","12":"purchasable","13":"product-type-simple","14":"entry","15":"content-bg","16":"loop-entry"},"supplier_id":null,"supplier_sku":"","barcode":null,"atum_controlled":true,"out_stock_date":null,"out_stock_threshold":null,"inheritable":false,"inbound_stock":null,"stock_on_hold":1,"sold_today":0,"sales_last_days":1,"reserved_stock":null,"customer_returns":null,"warehouse_damage":null,"lost_in_post":null,"other_logs":null,"out_stock_days":0,"lost_sales":0,"has_location":false,"update_date":"2026-04-14T09:11:13","atum_locations":[],"atum_stock_status":"instock","restock_status":false,"low_stock_amount":"","sales_update_date":"2026-04-14T09:11:13","calc_backorders":null,"acf":[],"taxonomy_info":{"product_cat":[{"value":104,"label":"Sciroppo"}]},"featured_image_src_large":["https:\/\/conditoferments.com\/wp-content\/uploads\/2026\/04\/herba-violett.png",830,830,false],"author_info":[],"comment_info":0,"batches":[],"_links":{"self":[{"href":"https:\/\/conditoferments.com\/it\/wp-json\/wp\/v2\/product\/5432","targetHints":{"allow":["GET"]}}],"collection":[{"href":"https:\/\/conditoferments.com\/it\/wp-json\/wp\/v2\/product"}],"about":[{"href":"https:\/\/conditoferments.com\/it\/wp-json\/wp\/v2\/types\/product"}],"replies":[{"embeddable":true,"href":"https:\/\/conditoferments.com\/it\/wp-json\/wp\/v2\/comments?post=5432"}],"wp:featuredmedia":[{"embeddable":true,"href":"https:\/\/conditoferments.com\/it\/wp-json\/wp\/v2\/media\/5433"}],"wp:attachment":[{"href":"https:\/\/conditoferments.com\/it\/wp-json\/wp\/v2\/media?parent=5432"}],"wp:term":[{"taxonomy":"product_brand","embeddable":true,"href":"https:\/\/conditoferments.com\/it\/wp-json\/wp\/v2\/product_brand?post=5432"},{"taxonomy":"product_cat","embeddable":true,"href":"https:\/\/conditoferments.com\/it\/wp-json\/wp\/v2\/product_cat?post=5432"},{"taxonomy":"product_tag","embeddable":true,"href":"https:\/\/conditoferments.com\/it\/wp-json\/wp\/v2\/product_tag?post=5432"}],"curies":[{"name":"wp","href":"https:\/\/api.w.org\/{rel}","templated":true}]}}