{"id":5439,"date":"2026-04-13T12:08:24","date_gmt":"2026-04-13T10:08:24","guid":{"rendered":"https:\/\/conditoferments.com\/?post_type=product&#038;p=5439"},"modified":"2026-04-13T12:15:34","modified_gmt":"2026-04-13T10:15:34","slug":"balsamico-riserva-bio-essenza-250ml-kopie","status":"publish","type":"product","link":"https:\/\/conditoferments.com\/it\/produkt\/balsamico-riserva-bio-essenza-250ml-kopie\/","title":{"rendered":"Aceto balsamico San Giacomo- 250ml"},"content":{"rendered":"<p>L&#8217;Acetaia San Giacomo \u00e8 un rinomato produttore nel cuore della regione dell&#8217;aceto balsamico di Reggio Emilia, conosciuta per la sua produzione tradizionale di aceto balsamico e aceto crudo fermentato.<\/p>\n<p data-start=\"948\" data-end=\"1296\">Un eccezionale aceto balsamico italiano che colpisce per la sua purezza e intensit\u00e0. Questo &#8220;Puro Balsamico senza aceto&#8221; viene prodotto senza l&#8217;aggiunta di aceto di vino ed \u00e8 composto esclusivamente da mosto d&#8217;uva cotto. Il risultato \u00e8 un sapore complesso e corposo con un equilibrio armonioso di dolcezza e acidit\u00e0.  <\/p>\n<p data-start=\"1298\" data-end=\"1425\">Ideale per affinare insalate, verdure grigliate, piatti a base di carne o anche dessert &#8211; un vero e proprio aceto balsamico gourmet.<\/p>\n","protected":false},"excerpt":{"rendered":"<p>L&#8217;Acetaia San Giacomo \u00e8 un rinomato produttore nel cuore della regione dell&#8217;aceto balsamico di Reggio Emilia, conosciuta per la sua produzione tradizionale di aceto balsamico e aceto crudo fermentato. Un eccezionale aceto balsamico italiano che colpisce per la sua purezza e intensit\u00e0. Questo &#8220;Puro Balsamico senza aceto&#8221; viene prodotto senza l&#8217;aggiunta di aceto di vino&#8230;<\/p>\n","protected":false},"featured_media":5442,"comment_status":"open","ping_status":"closed","template":"","meta":{"_acf_changed":false,"_kad_blocks_custom_css":"","_kad_blocks_head_custom_js":"","_kad_blocks_body_custom_js":"","_kad_blocks_footer_custom_js":"","_kadence_starter_templates_imported_post":false,"_kad_post_transparent":"default","_kad_post_title":"","_kad_post_layout":"default","_kad_post_sidebar_id":"","_kad_post_content_style":"default","_kad_post_vertical_padding":"default","_kad_post_feature":"","_kad_post_feature_position":"","_kad_post_header":false,"_kad_post_footer":false},"product_brand":[],"product_cat":[265],"product_tag":[266,291,286,156,292],"class_list":{"0":"post-5439","1":"product","2":"type-product","3":"status-publish","4":"has-post-thumbnail","6":"product_cat-aceto","7":"product_tag-aceto","8":"product_tag-aceto-balsamico-it","9":"product_tag-aceto-di-vino-rosso-it-2","10":"product_tag-acquista","11":"product_tag-essenza-it","13":"first","14":"instock","15":"taxable","16":"shipping-taxable","17":"purchasable","18":"product-type-simple","19":"entry","20":"content-bg","21":"loop-entry"},"supplier_id":4876,"supplier_sku":"","barcode":null,"atum_controlled":true,"out_stock_date":null,"out_stock_threshold":null,"inheritable":false,"inbound_stock":null,"stock_on_hold":0,"sold_today":0,"sales_last_days":0,"reserved_stock":null,"customer_returns":null,"warehouse_damage":null,"lost_in_post":null,"other_logs":null,"out_stock_days":0,"lost_sales":0,"has_location":false,"update_date":"2026-04-20T00:20:03","atum_locations":[],"atum_stock_status":"instock","restock_status":false,"low_stock_amount":"","sales_update_date":"2026-04-20T00:20:03","calc_backorders":null,"acf":[],"taxonomy_info":{"product_cat":[{"value":265,"label":"Aceto"}],"product_tag":[{"value":266,"label":"Aceto"},{"value":291,"label":"aceto balsamico"},{"value":286,"label":"aceto di vino rosso"},{"value":156,"label":"Acquista"},{"value":292,"label":"essenza"}]},"featured_image_src_large":["https:\/\/conditoferments.com\/wp-content\/uploads\/2026\/04\/fae76aa1-a0d7-4d20-8771-c6590f6cad73-1024x1024.png",1024,1024,true],"author_info":[],"comment_info":0,"batches":[],"_links":{"self":[{"href":"https:\/\/conditoferments.com\/it\/wp-json\/wp\/v2\/product\/5439","targetHints":{"allow":["GET"]}}],"collection":[{"href":"https:\/\/conditoferments.com\/it\/wp-json\/wp\/v2\/product"}],"about":[{"href":"https:\/\/conditoferments.com\/it\/wp-json\/wp\/v2\/types\/product"}],"replies":[{"embeddable":true,"href":"https:\/\/conditoferments.com\/it\/wp-json\/wp\/v2\/comments?post=5439"}],"wp:featuredmedia":[{"embeddable":true,"href":"https:\/\/conditoferments.com\/it\/wp-json\/wp\/v2\/media\/5442"}],"wp:attachment":[{"href":"https:\/\/conditoferments.com\/it\/wp-json\/wp\/v2\/media?parent=5439"}],"wp:term":[{"taxonomy":"product_brand","embeddable":true,"href":"https:\/\/conditoferments.com\/it\/wp-json\/wp\/v2\/product_brand?post=5439"},{"taxonomy":"product_cat","embeddable":true,"href":"https:\/\/conditoferments.com\/it\/wp-json\/wp\/v2\/product_cat?post=5439"},{"taxonomy":"product_tag","embeddable":true,"href":"https:\/\/conditoferments.com\/it\/wp-json\/wp\/v2\/product_tag?post=5439"}],"curies":[{"name":"wp","href":"https:\/\/api.w.org\/{rel}","templated":true}]}}